{"id":595931,"date":"2022-08-10T13:42:15","date_gmt":"2022-08-10T11:42:15","guid":{"rendered":"https:\/\/lucacastelli.com\/prodotto\/montura-hypnotic-weste-frau\/"},"modified":"2026-03-01T00:24:47","modified_gmt":"2026-02-28T23:24:47","slug":"montura-hypnotic-weste-frau","status":"publish","type":"product","link":"https:\/\/lucacastelli.com\/de\/produkt\/montura-hypnotic-weste-frau\/","title":{"rendered":"MONTURA HYPNOTIC WESTE FRAU"},"content":{"rendered":"<p>&#8211; Weste mit Kapuze f\u00fcr Frauen<br \/>\n&#8211; Hoch atmungsaktives Polartec Power Stretch Pro Nylon und Polyester Stretch-Fleece<br \/>\n&#8211; Kontrastierende Stretch-Fleece-Details<br \/>\n&#8211; Rei\u00dfverschluss in der Mitte der Vorderseite und Rei\u00dfverschlusstaschen an den H\u00e4nden<br \/>\n&#8211; Elastische Kapuze, Armausschnitte und Saum<br \/>\n&#8211; Das ideale Kleidungsst\u00fcck f\u00fcr verschiedene Outdoor- und Freizeitaktivit\u00e4ten<\/p>\n","protected":false},"excerpt":{"rendered":"<p>&#8211; Weste mit Kapuze f\u00fcr Frauen &#8211; Hoch atmungsaktives Polartec Power Stretch Pro Nylon und Polyester Stretch-Fleece &#8211; Kontrastierende Stretch-Fleece-Details<\/p>\n","protected":false},"featured_media":79144,"template":"","meta":{"_seopress_robots_primary_cat":"none","_seopress_titles_title":"","_seopress_titles_desc":"","_seopress_robots_index":""},"product_brand":[4460],"product_cat":[82,974,1388],"product_tag":[],"class_list":{"0":"post-595931","1":"product","2":"type-product","3":"status-publish","4":"has-post-thumbnail","6":"product_brand-montura-de","7":"product_cat-kleidung","8":"product_cat-freizeitkleidung","9":"product_cat-damenbekleidung","11":"first","12":"instock","13":"shipping-taxable","14":"purchasable","15":"product-type-variable"},"_links":{"self":[{"href":"https:\/\/lucacastelli.com\/de\/wp-json\/wp\/v2\/product\/595931","targetHints":{"allow":["GET"]}}],"collection":[{"href":"https:\/\/lucacastelli.com\/de\/wp-json\/wp\/v2\/product"}],"about":[{"href":"https:\/\/lucacastelli.com\/de\/wp-json\/wp\/v2\/types\/product"}],"wp:featuredmedia":[{"embeddable":true,"href":"https:\/\/lucacastelli.com\/de\/wp-json\/wp\/v2\/media\/79144"}],"wp:attachment":[{"href":"https:\/\/lucacastelli.com\/de\/wp-json\/wp\/v2\/media?parent=595931"}],"wp:term":[{"taxonomy":"product_brand","embeddable":true,"href":"https:\/\/lucacastelli.com\/de\/wp-json\/wp\/v2\/product_brand?post=595931"},{"taxonomy":"product_cat","embeddable":true,"href":"https:\/\/lucacastelli.com\/de\/wp-json\/wp\/v2\/product_cat?post=595931"},{"taxonomy":"product_tag","embeddable":true,"href":"https:\/\/lucacastelli.com\/de\/wp-json\/wp\/v2\/product_tag?post=595931"}],"curies":[{"name":"wp","href":"https:\/\/api.w.org\/{rel}","templated":true}]}}