{"id":595899,"date":"2022-07-11T18:31:06","date_gmt":"2022-07-11T16:31:06","guid":{"rendered":"https:\/\/lucacastelli.com\/prodotto\/montura-gipfelmuetze\/"},"modified":"2026-03-01T00:24:57","modified_gmt":"2026-02-28T23:24:57","slug":"montura-gipfelmuetze","status":"publish","type":"product","link":"https:\/\/lucacastelli.com\/de\/produkt\/montura-gipfelmuetze\/","title":{"rendered":"MONTURA-GIPFELM\u00dcTZE"},"content":{"rendered":"<p>&#8211; M\u00fctze mit Schirm<br \/>\n&#8211; 100% Polyestergewebe f\u00fcr hervorragenden UV-Schutz<br \/>\n&#8211; Verstellbarer R\u00fccken<br \/>\n&#8211; Das ideale Kleidungsst\u00fcck f\u00fcr verschiedene Outdoor- und Freizeitaktivit\u00e4ten<\/p>\n","protected":false},"excerpt":{"rendered":"<p>&#8211; M\u00fctze mit Schirm &#8211; 100% Polyestergewebe f\u00fcr hervorragenden UV-Schutz &#8211; Verstellbarer R\u00fccken &#8211; Das ideale Kleidungsst\u00fcck f\u00fcr verschiedene Outdoor-<\/p>\n","protected":false},"featured_media":75793,"template":"","meta":{"_seopress_robots_primary_cat":"","_seopress_titles_title":"","_seopress_titles_desc":"","_seopress_robots_index":""},"product_brand":[4460],"product_cat":[1391,82],"product_tag":[],"class_list":{"0":"post-595899","1":"product","2":"type-product","3":"status-publish","4":"has-post-thumbnail","6":"product_brand-montura-de","7":"product_cat-bekleidungs-accessoires","8":"product_cat-kleidung","10":"first","11":"instock","12":"shipping-taxable","13":"purchasable","14":"product-type-variable"},"_links":{"self":[{"href":"https:\/\/lucacastelli.com\/de\/wp-json\/wp\/v2\/product\/595899","targetHints":{"allow":["GET"]}}],"collection":[{"href":"https:\/\/lucacastelli.com\/de\/wp-json\/wp\/v2\/product"}],"about":[{"href":"https:\/\/lucacastelli.com\/de\/wp-json\/wp\/v2\/types\/product"}],"wp:featuredmedia":[{"embeddable":true,"href":"https:\/\/lucacastelli.com\/de\/wp-json\/wp\/v2\/media\/75793"}],"wp:attachment":[{"href":"https:\/\/lucacastelli.com\/de\/wp-json\/wp\/v2\/media?parent=595899"}],"wp:term":[{"taxonomy":"product_brand","embeddable":true,"href":"https:\/\/lucacastelli.com\/de\/wp-json\/wp\/v2\/product_brand?post=595899"},{"taxonomy":"product_cat","embeddable":true,"href":"https:\/\/lucacastelli.com\/de\/wp-json\/wp\/v2\/product_cat?post=595899"},{"taxonomy":"product_tag","embeddable":true,"href":"https:\/\/lucacastelli.com\/de\/wp-json\/wp\/v2\/product_tag?post=595899"}],"curies":[{"name":"wp","href":"https:\/\/api.w.org\/{rel}","templated":true}]}}