{"id":595855,"date":"2022-06-18T17:49:24","date_gmt":"2022-06-18T15:49:24","guid":{"rendered":"https:\/\/lucacastelli.com\/prodotto\/montura-pulsar-zip-off-hose-woman\/"},"modified":"2026-03-01T00:24:57","modified_gmt":"2026-02-28T23:24:57","slug":"montura-pulsar-zip-off-hose-woman","status":"publish","type":"product","link":"https:\/\/lucacastelli.com\/de\/produkt\/montura-pulsar-zip-off-hose-woman\/","title":{"rendered":"MONTURA PULSAR ZIP OFF HOSE WOMAN"},"content":{"rendered":"<p>&#8211; Damenhose<br \/>\n&#8211; Stretch-Nylon-Gewebe mit DWR-Behandlung, doppelt texturierter Webstruktur und Rei\u00df- und Abriebfestigkeit<br \/>\n&#8211; Elastischer Bund mit G\u00fcrtelschlaufen, Knopf und Rei\u00dfverschluss<br \/>\n&#8211; Offene Hand- und seitliche Rei\u00dfverschlusstaschen<br \/>\n&#8211; Abnehmbare Beine mit Rei\u00dfverschluss<br \/>\n&#8211; Das ideale Kleidungsst\u00fcck f\u00fcr verschiedene Outdoor-Aktivit\u00e4ten und die Freizeit<\/p>\n","protected":false},"excerpt":{"rendered":"<p>&#8211; Damenhose &#8211; Stretch-Nylon-Gewebe mit DWR-Behandlung, doppelt texturierter Webstruktur und Rei\u00df- und Abriebfestigkeit &#8211; Elastischer Bund mit G\u00fcrtelschlaufen, Knopf und<\/p>\n","protected":false},"featured_media":70175,"template":"","meta":{"_seopress_robots_primary_cat":"","_seopress_titles_title":"","_seopress_titles_desc":"","_seopress_robots_index":""},"product_brand":[4460],"product_cat":[82,974,1388],"product_tag":[],"class_list":{"0":"post-595855","1":"product","2":"type-product","3":"status-publish","4":"has-post-thumbnail","6":"product_brand-montura-de","7":"product_cat-kleidung","8":"product_cat-freizeitkleidung","9":"product_cat-damenbekleidung","10":"sws-gruppo-abb-libero-de","11":"sws-conto-ricavi-merci-rivendita-abbigliamento","12":"sws-gruppo-iva-iva81","14":"first","15":"instock","16":"shipping-taxable","17":"purchasable","18":"product-type-variable"},"_links":{"self":[{"href":"https:\/\/lucacastelli.com\/de\/wp-json\/wp\/v2\/product\/595855","targetHints":{"allow":["GET"]}}],"collection":[{"href":"https:\/\/lucacastelli.com\/de\/wp-json\/wp\/v2\/product"}],"about":[{"href":"https:\/\/lucacastelli.com\/de\/wp-json\/wp\/v2\/types\/product"}],"wp:featuredmedia":[{"embeddable":true,"href":"https:\/\/lucacastelli.com\/de\/wp-json\/wp\/v2\/media\/70175"}],"wp:attachment":[{"href":"https:\/\/lucacastelli.com\/de\/wp-json\/wp\/v2\/media?parent=595855"}],"wp:term":[{"taxonomy":"product_brand","embeddable":true,"href":"https:\/\/lucacastelli.com\/de\/wp-json\/wp\/v2\/product_brand?post=595855"},{"taxonomy":"product_cat","embeddable":true,"href":"https:\/\/lucacastelli.com\/de\/wp-json\/wp\/v2\/product_cat?post=595855"},{"taxonomy":"product_tag","embeddable":true,"href":"https:\/\/lucacastelli.com\/de\/wp-json\/wp\/v2\/product_tag?post=595855"}],"curies":[{"name":"wp","href":"https:\/\/api.w.org\/{rel}","templated":true}]}}