{"id":595806,"date":"2022-06-10T05:01:56","date_gmt":"2022-06-10T03:01:56","guid":{"rendered":"https:\/\/lucacastelli.com\/prodotto\/montura-land-zip-camisole-frau\/"},"modified":"2026-03-01T00:24:56","modified_gmt":"2026-02-28T23:24:56","slug":"montura-land-zip-camisole-frau","status":"publish","type":"product","link":"https:\/\/lucacastelli.com\/de\/produkt\/montura-land-zip-camisole-frau\/","title":{"rendered":"MONTURA LAND ZIP CAMISOLE FRAU"},"content":{"rendered":"<p>&#8211; Tank-Top f\u00fcr Damen<br \/>\n&#8211; Deltapeak\u2122-Polyester-Jersey-Gewebe mit UV-Schutz und schnelltrocknenden Eigenschaften<br \/>\n&#8211; Vorderseite in der Mitte mit Rei\u00dfverschluss<br \/>\n&#8211; Ges\u00e4\u00dftasche mit Rei\u00dfverschluss<br \/>\n&#8211; Reflektierende Applikationen f\u00fcr bessere Sichtbarkeit<br \/>\n&#8211; Ideales Kleidungsst\u00fcck f\u00fcr alle Mountainbike-Eins\u00e4tze<br \/>\n&#8211; Gewicht: 0,08 kg<\/p>\n","protected":false},"excerpt":{"rendered":"<p>&#8211; Tank-Top f\u00fcr Damen &#8211; Deltapeak\u2122-Polyester-Jersey-Gewebe mit UV-Schutz und schnelltrocknenden Eigenschaften &#8211; Vorderseite in der Mitte mit Rei\u00dfverschluss &#8211; Ges\u00e4\u00dftasche<\/p>\n","protected":false},"featured_media":64108,"template":"","meta":{"_seopress_robots_primary_cat":"","_seopress_titles_title":"","_seopress_titles_desc":"","_seopress_robots_index":""},"product_brand":[4460],"product_cat":[1388,974,82],"product_tag":[],"class_list":{"0":"post-595806","1":"product","2":"type-product","3":"status-publish","4":"has-post-thumbnail","6":"product_brand-montura-de","7":"product_cat-damenbekleidung","8":"product_cat-freizeitkleidung","9":"product_cat-kleidung","11":"first","12":"instock","13":"shipping-taxable","14":"purchasable","15":"product-type-variable"},"_links":{"self":[{"href":"https:\/\/lucacastelli.com\/de\/wp-json\/wp\/v2\/product\/595806","targetHints":{"allow":["GET"]}}],"collection":[{"href":"https:\/\/lucacastelli.com\/de\/wp-json\/wp\/v2\/product"}],"about":[{"href":"https:\/\/lucacastelli.com\/de\/wp-json\/wp\/v2\/types\/product"}],"wp:featuredmedia":[{"embeddable":true,"href":"https:\/\/lucacastelli.com\/de\/wp-json\/wp\/v2\/media\/64108"}],"wp:attachment":[{"href":"https:\/\/lucacastelli.com\/de\/wp-json\/wp\/v2\/media?parent=595806"}],"wp:term":[{"taxonomy":"product_brand","embeddable":true,"href":"https:\/\/lucacastelli.com\/de\/wp-json\/wp\/v2\/product_brand?post=595806"},{"taxonomy":"product_cat","embeddable":true,"href":"https:\/\/lucacastelli.com\/de\/wp-json\/wp\/v2\/product_cat?post=595806"},{"taxonomy":"product_tag","embeddable":true,"href":"https:\/\/lucacastelli.com\/de\/wp-json\/wp\/v2\/product_tag?post=595806"}],"curies":[{"name":"wp","href":"https:\/\/api.w.org\/{rel}","templated":true}]}}