{"id":595787,"date":"2023-03-14T11:41:51","date_gmt":"2023-03-14T10:41:51","guid":{"rendered":"https:\/\/lucacastelli.com\/prodotto\/montura-level-up-weste-frau\/"},"modified":"2026-03-01T00:24:54","modified_gmt":"2026-02-28T23:24:54","slug":"montura-level-up-weste-frau","status":"publish","type":"product","link":"https:\/\/lucacastelli.com\/de\/produkt\/montura-level-up-weste-frau\/","title":{"rendered":"MONTURA LEVEL UP WESTE FRAU"},"content":{"rendered":"<p>&#8211; Damenweste<br \/>\n&#8211; DWR-Nylon-Gewebe mit mikrostrukturiertem, wasser- und winddichtem Doppel-Ripstop<br \/>\n&#8211; Kontrastierendes Mesh-Gewebe<br \/>\n&#8211; Vorderseite in der Mitte mit Rei\u00dfverschluss<br \/>\n&#8211; Doppelte offene Ges\u00e4\u00dftasche mit Gummizug<br \/>\n&#8211; Ges\u00e4\u00dftasche mit Rei\u00dfverschluss<br \/>\n&#8211; Armausschnitte und Saum mit Gummizug<br \/>\n&#8211; Ideales Kleidungsst\u00fcck f\u00fcr verschiedene Outdoor-Aktivit\u00e4ten, Fitness, Laufen und Freizeit<\/p>\n","protected":false},"excerpt":{"rendered":"<p>&#8211; Damenweste &#8211; DWR-Nylon-Gewebe mit mikrostrukturiertem, wasser- und winddichtem Doppel-Ripstop &#8211; Kontrastierendes Mesh-Gewebe &#8211; Vorderseite in der Mitte mit Rei\u00dfverschluss<\/p>\n","protected":false},"featured_media":87131,"template":"","meta":{"_seopress_robots_primary_cat":"","_seopress_titles_title":"","_seopress_titles_desc":"","_seopress_robots_index":""},"product_brand":[4460],"product_cat":[82,974,1388],"product_tag":[],"class_list":{"0":"post-595787","1":"product","2":"type-product","3":"status-publish","4":"has-post-thumbnail","6":"product_brand-montura-de","7":"product_cat-kleidung","8":"product_cat-freizeitkleidung","9":"product_cat-damenbekleidung","11":"first","12":"instock","13":"shipping-taxable","14":"purchasable","15":"product-type-variable"},"_links":{"self":[{"href":"https:\/\/lucacastelli.com\/de\/wp-json\/wp\/v2\/product\/595787","targetHints":{"allow":["GET"]}}],"collection":[{"href":"https:\/\/lucacastelli.com\/de\/wp-json\/wp\/v2\/product"}],"about":[{"href":"https:\/\/lucacastelli.com\/de\/wp-json\/wp\/v2\/types\/product"}],"wp:featuredmedia":[{"embeddable":true,"href":"https:\/\/lucacastelli.com\/de\/wp-json\/wp\/v2\/media\/87131"}],"wp:attachment":[{"href":"https:\/\/lucacastelli.com\/de\/wp-json\/wp\/v2\/media?parent=595787"}],"wp:term":[{"taxonomy":"product_brand","embeddable":true,"href":"https:\/\/lucacastelli.com\/de\/wp-json\/wp\/v2\/product_brand?post=595787"},{"taxonomy":"product_cat","embeddable":true,"href":"https:\/\/lucacastelli.com\/de\/wp-json\/wp\/v2\/product_cat?post=595787"},{"taxonomy":"product_tag","embeddable":true,"href":"https:\/\/lucacastelli.com\/de\/wp-json\/wp\/v2\/product_tag?post=595787"}],"curies":[{"name":"wp","href":"https:\/\/api.w.org\/{rel}","templated":true}]}}