{"id":595733,"date":"2023-03-14T10:41:59","date_gmt":"2023-03-14T09:41:59","guid":{"rendered":"https:\/\/lucacastelli.com\/prodotto\/montura-way-zip-t-shirt-frau\/"},"modified":"2023-03-14T10:41:59","modified_gmt":"2023-03-14T09:41:59","slug":"montura-way-zip-t-shirt-frau","status":"publish","type":"product","link":"https:\/\/lucacastelli.com\/de\/produkt\/montura-way-zip-t-shirt-frau\/","title":{"rendered":"MONTURA WAY ZIP T-SHIRT FRAU"},"content":{"rendered":"<p>&#8211; Damen-T-Shirt<br \/>\n&#8211; Deltapeak\u2122-Polyester-Jersey-Gewebe mit UV-Schutz und schnelltrocknenden Eigenschaften<br \/>\n&#8211; Vorderseite in der Mitte mit Rei\u00dfverschluss, Ges\u00e4\u00dftasche mit Rei\u00dfverschluss<br \/>\n&#8211; Ideales Kleidungsst\u00fcck f\u00fcr alle Mountainbike-Eins\u00e4tze<\/p>\n","protected":false},"excerpt":{"rendered":"<p>&#8211; Damen-T-Shirt &#8211; Deltapeak\u2122-Polyester-Jersey-Gewebe mit UV-Schutz und schnelltrocknenden Eigenschaften &#8211; Vorderseite in der Mitte mit Rei\u00dfverschluss, Ges\u00e4\u00dftasche mit Rei\u00dfverschluss &#8211;<\/p>\n","protected":false},"featured_media":87041,"template":"","meta":{"_seopress_robots_primary_cat":"","_seopress_titles_title":"","_seopress_titles_desc":"","_seopress_robots_index":""},"product_brand":[4460],"product_cat":[82,974,1388],"product_tag":[],"class_list":{"0":"post-595733","1":"product","2":"type-product","3":"status-publish","4":"has-post-thumbnail","6":"product_brand-montura-de","7":"product_cat-kleidung","8":"product_cat-freizeitkleidung","9":"product_cat-damenbekleidung","11":"first","12":"instock","13":"shipping-taxable","14":"purchasable","15":"product-type-variable"},"_links":{"self":[{"href":"https:\/\/lucacastelli.com\/de\/wp-json\/wp\/v2\/product\/595733","targetHints":{"allow":["GET"]}}],"collection":[{"href":"https:\/\/lucacastelli.com\/de\/wp-json\/wp\/v2\/product"}],"about":[{"href":"https:\/\/lucacastelli.com\/de\/wp-json\/wp\/v2\/types\/product"}],"wp:featuredmedia":[{"embeddable":true,"href":"https:\/\/lucacastelli.com\/de\/wp-json\/wp\/v2\/media\/87041"}],"wp:attachment":[{"href":"https:\/\/lucacastelli.com\/de\/wp-json\/wp\/v2\/media?parent=595733"}],"wp:term":[{"taxonomy":"product_brand","embeddable":true,"href":"https:\/\/lucacastelli.com\/de\/wp-json\/wp\/v2\/product_brand?post=595733"},{"taxonomy":"product_cat","embeddable":true,"href":"https:\/\/lucacastelli.com\/de\/wp-json\/wp\/v2\/product_cat?post=595733"},{"taxonomy":"product_tag","embeddable":true,"href":"https:\/\/lucacastelli.com\/de\/wp-json\/wp\/v2\/product_tag?post=595733"}],"curies":[{"name":"wp","href":"https:\/\/api.w.org\/{rel}","templated":true}]}}