{"id":595720,"date":"2023-02-23T10:11:09","date_gmt":"2023-02-23T09:11:09","guid":{"rendered":"https:\/\/lucacastelli.com\/prodotto\/montura-nevis-2-0-jacke-kinder\/"},"modified":"2026-01-31T00:02:30","modified_gmt":"2026-01-30T23:02:30","slug":"montura-nevis-2-0-jacke-kinder","status":"publish","type":"product","link":"https:\/\/lucacastelli.com\/de\/produkt\/montura-nevis-2-0-jacke-kinder\/","title":{"rendered":"MONTURA NEVIS 2.0 JACKE KINDER"},"content":{"rendered":"<p>&#8211; Wattierte Kinderjacke mit Kapuze<br \/>\n&#8211; Cordura\u00ae DWR-Nylongewebe mit Double-Ripstop-Konstruktion<br \/>\n&#8211; Gef\u00fcttert mit DWR-Nylongewebe<br \/>\n&#8211; Vorder- und R\u00fcckseite mit Primaloft\u00ae Gold Insulation 130gr Polyester-Synthetikwattierung<br \/>\n&#8211; Seiten, R\u00fcckseite und \u00c4rmel mit Primaloft\u00ae Gold 100gr Wattierung<br \/>\n&#8211; Innenseite aus doppeltem Fleece-Polyester-Thermogewebe<br \/>\n&#8211; Vorderseite in der Mitte mit Rei\u00dfverschluss, Eingrifftaschen mit Rei\u00dfverschluss, Innentasche mit Rei\u00dfverschluss<br \/>\n&#8211; Kapuze mit Schirm und eng anliegendem Frontband mit Gummizug<br \/>\n&#8211; \u00c4rmelb\u00fcndchen und Saum mit Gummizug<br \/>\n&#8211; Saum mit Verstellm\u00f6glichkeit<br \/>\n&#8211; Reflektierende Applikationen f\u00fcr bessere Sichtbarkeit<br \/>\n&#8211; Ideales Kleidungsst\u00fcck f\u00fcr verschiedene Outdoor-Aktivit\u00e4ten und Freizeit<\/p>\n","protected":false},"excerpt":{"rendered":"<p>&#8211; Wattierte Kinderjacke mit Kapuze &#8211; Cordura\u00ae DWR-Nylongewebe mit Double-Ripstop-Konstruktion &#8211; Gef\u00fcttert mit DWR-Nylongewebe &#8211; Vorder- und R\u00fcckseite mit Primaloft\u00ae<\/p>\n","protected":false},"featured_media":86328,"template":"","meta":{"_seopress_robots_primary_cat":"","_seopress_titles_title":"","_seopress_titles_desc":"","_seopress_robots_index":""},"product_brand":[4460],"product_cat":[974,1385,82],"product_tag":[],"class_list":{"0":"post-595720","1":"product","2":"type-product","3":"status-publish","4":"has-post-thumbnail","6":"product_brand-montura-de","7":"product_cat-freizeitkleidung","8":"product_cat-kinderbekleidung","9":"product_cat-kleidung","10":"sws-gruppo-abb-libero-de","11":"sws-categoria-sito-de","12":"sws-conto-ricavi-merci-rivendita-abbigliamento-de","13":"sws-gruppo-iva-iva81-de","15":"first","16":"instock","17":"shipping-taxable","18":"purchasable","19":"product-type-variable"},"_links":{"self":[{"href":"https:\/\/lucacastelli.com\/de\/wp-json\/wp\/v2\/product\/595720","targetHints":{"allow":["GET"]}}],"collection":[{"href":"https:\/\/lucacastelli.com\/de\/wp-json\/wp\/v2\/product"}],"about":[{"href":"https:\/\/lucacastelli.com\/de\/wp-json\/wp\/v2\/types\/product"}],"wp:featuredmedia":[{"embeddable":true,"href":"https:\/\/lucacastelli.com\/de\/wp-json\/wp\/v2\/media\/86328"}],"wp:attachment":[{"href":"https:\/\/lucacastelli.com\/de\/wp-json\/wp\/v2\/media?parent=595720"}],"wp:term":[{"taxonomy":"product_brand","embeddable":true,"href":"https:\/\/lucacastelli.com\/de\/wp-json\/wp\/v2\/product_brand?post=595720"},{"taxonomy":"product_cat","embeddable":true,"href":"https:\/\/lucacastelli.com\/de\/wp-json\/wp\/v2\/product_cat?post=595720"},{"taxonomy":"product_tag","embeddable":true,"href":"https:\/\/lucacastelli.com\/de\/wp-json\/wp\/v2\/product_tag?post=595720"}],"curies":[{"name":"wp","href":"https:\/\/api.w.org\/{rel}","templated":true}]}}