{"id":595689,"date":"2022-12-30T18:08:06","date_gmt":"2022-12-30T17:08:06","guid":{"rendered":"https:\/\/lucacastelli.com\/prodotto\/montura-118-evo-leichte-hose\/"},"modified":"2026-03-01T00:24:58","modified_gmt":"2026-02-28T23:24:58","slug":"montura-118-evo-leichte-hose","status":"publish","type":"product","link":"https:\/\/lucacastelli.com\/de\/produkt\/montura-118-evo-leichte-hose\/","title":{"rendered":"MONTURA 118 EVO LEICHTE HOSE"},"content":{"rendered":"<p>&#8211; Lange Unisex-Hose<br \/>\n&#8211; 4-Wege-Stretch DWR-Nylongewebe<br \/>\n&#8211; Vorgeformte Kniepartie aus 4-Wege-Stretch DWR-Gewebe mit Doppelgewebekonstruktion;<br \/>\n &#8211; Gepolsterte Kniepartie aus Filz<br \/>\n&#8211; Segmentierte Reflexstreifen<br \/>\n&#8211; Bund mit Gummizug und Schlaufen, \u00d6ffnung mit Knopf, Rei\u00dfverschluss und Klettverschluss<br \/>\n&#8211; Hand- und Ges\u00e4\u00dftaschen mit Rei\u00dfverschluss, Wadentaschen mit Rei\u00dfverschluss, Ges\u00e4\u00dftasche mit Rei\u00dfverschluss<br \/>\n&#8211; F\u00fcr alle Notfallsituationen (Land oder Hubschrauber)<\/p>\n","protected":false},"excerpt":{"rendered":"<p>&#8211; Lange Unisex-Hose &#8211; 4-Wege-Stretch DWR-Nylongewebe &#8211; Vorgeformte Kniepartie aus 4-Wege-Stretch DWR-Gewebe mit Doppelgewebekonstruktion; &#8211; Gepolsterte Kniepartie aus Filz &#8211;<\/p>\n","protected":false},"featured_media":44107,"template":"","meta":{"_seopress_robots_primary_cat":"","_seopress_titles_title":"","_seopress_titles_desc":"","_seopress_robots_index":""},"product_brand":[4460],"product_cat":[1382,82],"product_tag":[],"class_list":{"0":"post-595689","1":"product","2":"type-product","3":"status-publish","4":"has-post-thumbnail","6":"product_brand-montura-de","7":"product_cat-arbeitskleidung","8":"product_cat-kleidung","10":"first","11":"instock","12":"shipping-taxable","13":"purchasable","14":"product-type-variable"},"_links":{"self":[{"href":"https:\/\/lucacastelli.com\/de\/wp-json\/wp\/v2\/product\/595689","targetHints":{"allow":["GET"]}}],"collection":[{"href":"https:\/\/lucacastelli.com\/de\/wp-json\/wp\/v2\/product"}],"about":[{"href":"https:\/\/lucacastelli.com\/de\/wp-json\/wp\/v2\/types\/product"}],"wp:featuredmedia":[{"embeddable":true,"href":"https:\/\/lucacastelli.com\/de\/wp-json\/wp\/v2\/media\/44107"}],"wp:attachment":[{"href":"https:\/\/lucacastelli.com\/de\/wp-json\/wp\/v2\/media?parent=595689"}],"wp:term":[{"taxonomy":"product_brand","embeddable":true,"href":"https:\/\/lucacastelli.com\/de\/wp-json\/wp\/v2\/product_brand?post=595689"},{"taxonomy":"product_cat","embeddable":true,"href":"https:\/\/lucacastelli.com\/de\/wp-json\/wp\/v2\/product_cat?post=595689"},{"taxonomy":"product_tag","embeddable":true,"href":"https:\/\/lucacastelli.com\/de\/wp-json\/wp\/v2\/product_tag?post=595689"}],"curies":[{"name":"wp","href":"https:\/\/api.w.org\/{rel}","templated":true}]}}