{"id":595668,"date":"2022-12-15T10:16:01","date_gmt":"2022-12-15T09:16:01","guid":{"rendered":"https:\/\/lucacastelli.com\/prodotto\/montura-polar-pro-2-jacke\/"},"modified":"2026-03-01T00:24:46","modified_gmt":"2026-02-28T23:24:46","slug":"montura-polar-pro-2-jacke","status":"publish","type":"product","link":"https:\/\/lucacastelli.com\/de\/produkt\/montura-polar-pro-2-jacke\/","title":{"rendered":"MONTURA POLAR PRO 2 JACKE"},"content":{"rendered":"<p>&#8211; Herrenjacke<br \/>\n&#8211; Thermisches Polyester-Doppelfleece<br \/>\n&#8211; Kontrastierendes Stretch-Fleece<br \/>\n&#8211; Ellbogen- und Schulteraufn\u00e4her aus Stretch-Nylon-DWR-Gewebe<br \/>\n&#8211; Teilweise mit Fleece gef\u00fcttert<br \/>\n&#8211; Rei\u00dfverschluss vorne, Rei\u00dfverschlusstaschen an den H\u00e4nden, Rei\u00dfverschlusstasche auf der Brust<br \/>\n&#8211; Ideales Kleidungsst\u00fcck f\u00fcr verschiedene Outdoor-Aktivit\u00e4ten und die Freizeit bei kaltem Wetter<\/p>\n","protected":false},"excerpt":{"rendered":"<p>&#8211; Herrenjacke &#8211; Thermisches Polyester-Doppelfleece &#8211; Kontrastierendes Stretch-Fleece &#8211; Ellbogen- und Schulteraufn\u00e4her aus Stretch-Nylon-DWR-Gewebe &#8211; Teilweise mit Fleece gef\u00fcttert &#8211;<\/p>\n","protected":false},"featured_media":85089,"template":"","meta":{"_seopress_robots_primary_cat":"","_seopress_titles_title":"","_seopress_titles_desc":"","_seopress_robots_index":""},"product_brand":[4460],"product_cat":[974,975,82],"product_tag":[],"class_list":{"0":"post-595668","1":"product","2":"type-product","3":"status-publish","4":"has-post-thumbnail","6":"product_brand-montura-de","7":"product_cat-freizeitkleidung","8":"product_cat-herrenbekleidung","9":"product_cat-kleidung","10":"sws-gruppo-abb-libero-de","11":"sws-conto-ricavi-merci-rivendita-abbigliamento-de","12":"sws-gruppo-iva-iva81-de","14":"first","15":"instock","16":"shipping-taxable","17":"purchasable","18":"product-type-variable"},"_links":{"self":[{"href":"https:\/\/lucacastelli.com\/de\/wp-json\/wp\/v2\/product\/595668","targetHints":{"allow":["GET"]}}],"collection":[{"href":"https:\/\/lucacastelli.com\/de\/wp-json\/wp\/v2\/product"}],"about":[{"href":"https:\/\/lucacastelli.com\/de\/wp-json\/wp\/v2\/types\/product"}],"wp:featuredmedia":[{"embeddable":true,"href":"https:\/\/lucacastelli.com\/de\/wp-json\/wp\/v2\/media\/85089"}],"wp:attachment":[{"href":"https:\/\/lucacastelli.com\/de\/wp-json\/wp\/v2\/media?parent=595668"}],"wp:term":[{"taxonomy":"product_brand","embeddable":true,"href":"https:\/\/lucacastelli.com\/de\/wp-json\/wp\/v2\/product_brand?post=595668"},{"taxonomy":"product_cat","embeddable":true,"href":"https:\/\/lucacastelli.com\/de\/wp-json\/wp\/v2\/product_cat?post=595668"},{"taxonomy":"product_tag","embeddable":true,"href":"https:\/\/lucacastelli.com\/de\/wp-json\/wp\/v2\/product_tag?post=595668"}],"curies":[{"name":"wp","href":"https:\/\/api.w.org\/{rel}","templated":true}]}}