{"id":595654,"date":"2022-12-07T10:47:37","date_gmt":"2022-12-07T09:47:37","guid":{"rendered":"https:\/\/lucacastelli.com\/prodotto\/montura-fusion-band\/"},"modified":"2022-12-07T10:47:37","modified_gmt":"2022-12-07T09:47:37","slug":"montura-fusion-band","status":"publish","type":"product","link":"https:\/\/lucacastelli.com\/de\/produkt\/montura-fusion-band\/","title":{"rendered":"MONTURA FUSION BAND"},"content":{"rendered":"<p>&#8211; Unisex-Stirnband<br \/>\n&#8211; Hochdichtes Polyester-Stretch-Jersey-Gewebe, atmungsaktiv und bietet hohen UV-Schutz.<br \/>\n&#8211; Ideales Kleidungsst\u00fcck f\u00fcr verschiedene Outdoor-Aktivit\u00e4ten, Fitness, Laufen und Freizeit<\/p>\n","protected":false},"excerpt":{"rendered":"<p>&#8211; Unisex-Stirnband &#8211; Hochdichtes Polyester-Stretch-Jersey-Gewebe, atmungsaktiv und bietet hohen UV-Schutz. &#8211; Ideales Kleidungsst\u00fcck f\u00fcr verschiedene Outdoor-Aktivit\u00e4ten, Fitness, Laufen und Freizeit<\/p>\n","protected":false},"featured_media":84871,"template":"","meta":{"_seopress_robots_primary_cat":"","_seopress_titles_title":"","_seopress_titles_desc":"","_seopress_robots_index":""},"product_brand":[4460],"product_cat":[1391,82],"product_tag":[],"class_list":{"0":"post-595654","1":"product","2":"type-product","3":"status-publish","4":"has-post-thumbnail","6":"product_brand-montura-de","7":"product_cat-bekleidungs-accessoires","8":"product_cat-kleidung","10":"first","11":"instock","12":"shipping-taxable","13":"purchasable","14":"product-type-variable"},"_links":{"self":[{"href":"https:\/\/lucacastelli.com\/de\/wp-json\/wp\/v2\/product\/595654","targetHints":{"allow":["GET"]}}],"collection":[{"href":"https:\/\/lucacastelli.com\/de\/wp-json\/wp\/v2\/product"}],"about":[{"href":"https:\/\/lucacastelli.com\/de\/wp-json\/wp\/v2\/types\/product"}],"wp:featuredmedia":[{"embeddable":true,"href":"https:\/\/lucacastelli.com\/de\/wp-json\/wp\/v2\/media\/84871"}],"wp:attachment":[{"href":"https:\/\/lucacastelli.com\/de\/wp-json\/wp\/v2\/media?parent=595654"}],"wp:term":[{"taxonomy":"product_brand","embeddable":true,"href":"https:\/\/lucacastelli.com\/de\/wp-json\/wp\/v2\/product_brand?post=595654"},{"taxonomy":"product_cat","embeddable":true,"href":"https:\/\/lucacastelli.com\/de\/wp-json\/wp\/v2\/product_cat?post=595654"},{"taxonomy":"product_tag","embeddable":true,"href":"https:\/\/lucacastelli.com\/de\/wp-json\/wp\/v2\/product_tag?post=595654"}],"curies":[{"name":"wp","href":"https:\/\/api.w.org\/{rel}","templated":true}]}}