{"id":595533,"date":"2024-03-24T08:57:40","date_gmt":"2024-03-24T07:57:40","guid":{"rendered":"https:\/\/lucacastelli.com\/prodotto\/montura-mountain-fast-pant-woman\/"},"modified":"2026-03-01T00:24:40","modified_gmt":"2026-02-28T23:24:40","slug":"montura-mountain-fast-pant-woman","status":"publish","type":"product","link":"https:\/\/lucacastelli.com\/de\/produkt\/montura-mountain-fast-pant-woman\/","title":{"rendered":"MONTURA MOUNTAIN FAST PANT WOMAN"},"content":{"rendered":"<p>&#8211; Damenhose<br \/>\n&#8211; 4-Wege-Stretch-Nylon mit DWR-Behandlung<br \/>\n&#8211; Knieaufn\u00e4her aus Stretch-Nylon mit Rei\u00df- und Abriebfestigkeit<br \/>\n&#8211; Teilweise mit Mesh gef\u00fcttert<br \/>\n&#8211; Elastischer Pull-on-Bund<br \/>\n&#8211; Rei\u00dfverschlusstaschen an den H\u00e4nden<br \/>\n&#8211; Verstellbarer Saum mit Rei\u00dfverschlusszwickeln<br \/>\n&#8211; Elastischer Saum<br \/>\n&#8211; Das ideale Kleidungsst\u00fcck zum Klettern, Bergsteigen und f\u00fcr verschiedene Outdoor-Aktivit\u00e4ten<\/p>\n","protected":false},"excerpt":{"rendered":"<p>&#8211; Damenhose &#8211; 4-Wege-Stretch-Nylon mit DWR-Behandlung &#8211; Knieaufn\u00e4her aus Stretch-Nylon mit Rei\u00df- und Abriebfestigkeit &#8211; Teilweise mit Mesh gef\u00fcttert &#8211;<\/p>\n","protected":false},"featured_media":99189,"template":"","meta":{"_seopress_robots_primary_cat":"","_seopress_titles_title":"","_seopress_titles_desc":"","_seopress_robots_index":""},"product_brand":[4460],"product_cat":[1388,974,82],"product_tag":[],"class_list":{"0":"post-595533","1":"product","2":"type-product","3":"status-publish","4":"has-post-thumbnail","6":"product_brand-montura-de","7":"product_cat-damenbekleidung","8":"product_cat-freizeitkleidung","9":"product_cat-kleidung","11":"first","12":"instock","13":"shipping-taxable","14":"purchasable","15":"product-type-variable"},"_links":{"self":[{"href":"https:\/\/lucacastelli.com\/de\/wp-json\/wp\/v2\/product\/595533","targetHints":{"allow":["GET"]}}],"collection":[{"href":"https:\/\/lucacastelli.com\/de\/wp-json\/wp\/v2\/product"}],"about":[{"href":"https:\/\/lucacastelli.com\/de\/wp-json\/wp\/v2\/types\/product"}],"wp:featuredmedia":[{"embeddable":true,"href":"https:\/\/lucacastelli.com\/de\/wp-json\/wp\/v2\/media\/99189"}],"wp:attachment":[{"href":"https:\/\/lucacastelli.com\/de\/wp-json\/wp\/v2\/media?parent=595533"}],"wp:term":[{"taxonomy":"product_brand","embeddable":true,"href":"https:\/\/lucacastelli.com\/de\/wp-json\/wp\/v2\/product_brand?post=595533"},{"taxonomy":"product_cat","embeddable":true,"href":"https:\/\/lucacastelli.com\/de\/wp-json\/wp\/v2\/product_cat?post=595533"},{"taxonomy":"product_tag","embeddable":true,"href":"https:\/\/lucacastelli.com\/de\/wp-json\/wp\/v2\/product_tag?post=595533"}],"curies":[{"name":"wp","href":"https:\/\/api.w.org\/{rel}","templated":true}]}}