{"id":595523,"date":"2024-03-24T08:38:19","date_gmt":"2024-03-24T07:38:19","guid":{"rendered":"https:\/\/lucacastelli.com\/prodotto\/montura-schatten-bermuda-frau\/"},"modified":"2026-03-01T00:24:38","modified_gmt":"2026-02-28T23:24:38","slug":"montura-schatten-bermuda-frau","status":"publish","type":"product","link":"https:\/\/lucacastelli.com\/de\/produkt\/montura-schatten-bermuda-frau\/","title":{"rendered":"MONTURA SCHATTEN BERMUDA FRAU"},"content":{"rendered":"<p>&#8211; Bermudashorts f\u00fcr Damen<br \/>\n&#8211; Stretch-Nylongewebe mit DWR-Behandlung<br \/>\n&#8211; Elastischer Pull-on-Bund mit verstellbarem Kordelzug<br \/>\n&#8211; Hand- und Ges\u00e4\u00dftaschen mit Rei\u00dfverschluss<br \/>\n&#8211; Offene Ges\u00e4\u00dftaschen<br \/>\n&#8211; Klebestreifen am Saum<br \/>\n&#8211; Das ideale Kleidungsst\u00fcck zum Laufen und f\u00fcr verschiedene aerobe Aktivit\u00e4ten<\/p>\n","protected":false},"excerpt":{"rendered":"<p>&#8211; Bermudashorts f\u00fcr Damen &#8211; Stretch-Nylongewebe mit DWR-Behandlung &#8211; Elastischer Pull-on-Bund mit verstellbarem Kordelzug &#8211; Hand- und Ges\u00e4\u00dftaschen mit Rei\u00dfverschluss<\/p>\n","protected":false},"featured_media":99156,"template":"","meta":{"_seopress_robots_primary_cat":"","_seopress_titles_title":"","_seopress_titles_desc":"","_seopress_robots_index":""},"product_brand":[4460],"product_cat":[1388,974,82],"product_tag":[],"class_list":{"0":"post-595523","1":"product","2":"type-product","3":"status-publish","4":"has-post-thumbnail","6":"product_brand-montura-de","7":"product_cat-damenbekleidung","8":"product_cat-freizeitkleidung","9":"product_cat-kleidung","11":"first","12":"instock","13":"shipping-taxable","14":"purchasable","15":"product-type-variable"},"_links":{"self":[{"href":"https:\/\/lucacastelli.com\/de\/wp-json\/wp\/v2\/product\/595523","targetHints":{"allow":["GET"]}}],"collection":[{"href":"https:\/\/lucacastelli.com\/de\/wp-json\/wp\/v2\/product"}],"about":[{"href":"https:\/\/lucacastelli.com\/de\/wp-json\/wp\/v2\/types\/product"}],"wp:featuredmedia":[{"embeddable":true,"href":"https:\/\/lucacastelli.com\/de\/wp-json\/wp\/v2\/media\/99156"}],"wp:attachment":[{"href":"https:\/\/lucacastelli.com\/de\/wp-json\/wp\/v2\/media?parent=595523"}],"wp:term":[{"taxonomy":"product_brand","embeddable":true,"href":"https:\/\/lucacastelli.com\/de\/wp-json\/wp\/v2\/product_brand?post=595523"},{"taxonomy":"product_cat","embeddable":true,"href":"https:\/\/lucacastelli.com\/de\/wp-json\/wp\/v2\/product_cat?post=595523"},{"taxonomy":"product_tag","embeddable":true,"href":"https:\/\/lucacastelli.com\/de\/wp-json\/wp\/v2\/product_tag?post=595523"}],"curies":[{"name":"wp","href":"https:\/\/api.w.org\/{rel}","templated":true}]}}