{"id":595506,"date":"2024-03-24T08:55:06","date_gmt":"2024-03-24T07:55:06","guid":{"rendered":"https:\/\/lucacastelli.com\/prodotto\/montura-spitze-jacke-frau\/"},"modified":"2026-03-01T00:24:40","modified_gmt":"2026-02-28T23:24:40","slug":"montura-spitze-jacke-frau","status":"publish","type":"product","link":"https:\/\/lucacastelli.com\/de\/produkt\/montura-spitze-jacke-frau\/","title":{"rendered":"MONTURA SPITZE JACKE FRAU"},"content":{"rendered":"<p>&#8211; Damenjacke<br \/>\n&#8211; 4-Wege-Stretch-Nylon mit DWR-Behandlung<br \/>\n&#8211; Schulter- und Ellbogenpatches aus 4-Wege-Stretch-Nylon mit DWR-Behandlung und abriebfester Polymerbeschichtung<br \/>\n&#8211; Frontrei\u00dfverschluss in der Mitte, Hand- und Brusttaschen mit Rei\u00dfverschluss<br \/>\n&#8211; Elastischer Saum<br \/>\n&#8211; Das ideale Kleidungsst\u00fcck zum Klettern, Bergsteigen und f\u00fcr verschiedene Outdoor-Aktivit\u00e4ten<\/p>\n","protected":false},"excerpt":{"rendered":"<p>&#8211; Damenjacke &#8211; 4-Wege-Stretch-Nylon mit DWR-Behandlung &#8211; Schulter- und Ellbogenpatches aus 4-Wege-Stretch-Nylon mit DWR-Behandlung und abriebfester Polymerbeschichtung &#8211; Frontrei\u00dfverschluss in<\/p>\n","protected":false},"featured_media":99177,"template":"","meta":{"_seopress_robots_primary_cat":"","_seopress_titles_title":"","_seopress_titles_desc":"","_seopress_robots_index":""},"product_brand":[4460],"product_cat":[1388,974,82],"product_tag":[],"class_list":{"0":"post-595506","1":"product","2":"type-product","3":"status-publish","4":"has-post-thumbnail","6":"product_brand-montura-de","7":"product_cat-damenbekleidung","8":"product_cat-freizeitkleidung","9":"product_cat-kleidung","10":"sws-gruppo-abb-libero","11":"sws-categoria-sito","12":"sws-conto-ricavi-merci-rivendita-abbigliamento","13":"sws-gruppo-iva-iva81","15":"first","16":"instock","17":"shipping-taxable","18":"purchasable","19":"product-type-variable"},"_links":{"self":[{"href":"https:\/\/lucacastelli.com\/de\/wp-json\/wp\/v2\/product\/595506","targetHints":{"allow":["GET"]}}],"collection":[{"href":"https:\/\/lucacastelli.com\/de\/wp-json\/wp\/v2\/product"}],"about":[{"href":"https:\/\/lucacastelli.com\/de\/wp-json\/wp\/v2\/types\/product"}],"wp:featuredmedia":[{"embeddable":true,"href":"https:\/\/lucacastelli.com\/de\/wp-json\/wp\/v2\/media\/99177"}],"wp:attachment":[{"href":"https:\/\/lucacastelli.com\/de\/wp-json\/wp\/v2\/media?parent=595506"}],"wp:term":[{"taxonomy":"product_brand","embeddable":true,"href":"https:\/\/lucacastelli.com\/de\/wp-json\/wp\/v2\/product_brand?post=595506"},{"taxonomy":"product_cat","embeddable":true,"href":"https:\/\/lucacastelli.com\/de\/wp-json\/wp\/v2\/product_cat?post=595506"},{"taxonomy":"product_tag","embeddable":true,"href":"https:\/\/lucacastelli.com\/de\/wp-json\/wp\/v2\/product_tag?post=595506"}],"curies":[{"name":"wp","href":"https:\/\/api.w.org\/{rel}","templated":true}]}}