{"id":595445,"date":"2024-03-24T08:20:37","date_gmt":"2024-03-24T07:20:37","guid":{"rendered":"https:\/\/lucacastelli.com\/prodotto\/montura-thermalgrid-pro-2-trikot-frauen\/"},"modified":"2026-03-01T00:24:37","modified_gmt":"2026-02-28T23:24:37","slug":"montura-thermalgrid-pro-2-trikot-frauen","status":"publish","type":"product","link":"https:\/\/lucacastelli.com\/de\/produkt\/montura-thermalgrid-pro-2-trikot-frauen\/","title":{"rendered":"MONTURA THERMALGRID PRO 2 TRIKOT FRAUEN"},"content":{"rendered":"<p>&#8211; Kapuzenpullover mit Rei\u00dfverschluss f\u00fcr Damen<br \/>\n&#8211; 4-Wege-Stretch-Polyesterfleece mit geb\u00fcrsteter &#8220;Gitter&#8221;-Struktur auf der R\u00fcckseite und hohem UV-Schutz<br \/>\n&#8211; Kontrastierende Stretch-Nylon-Details mit DWR-Behandlung<br \/>\n&#8211; Rei\u00dfverschluss in der Mitte der Vorderseite, Hand- und Brusttaschen mit Rei\u00dfverschluss<br \/>\n&#8211; Elastische Kapuze und Saum<br \/>\n&#8211; Das ideale Kleidungsst\u00fcck zum Klettern und f\u00fcr verschiedene Outdoor- und Freizeitaktivit\u00e4ten<\/p>\n","protected":false},"excerpt":{"rendered":"<p>&#8211; Kapuzenpullover mit Rei\u00dfverschluss f\u00fcr Damen &#8211; 4-Wege-Stretch-Polyesterfleece mit geb\u00fcrsteter &#8220;Gitter&#8221;-Struktur auf der R\u00fcckseite und hohem UV-Schutz &#8211; Kontrastierende Stretch-Nylon-Details<\/p>\n","protected":false},"featured_media":99115,"template":"","meta":{"_seopress_robots_primary_cat":"","_seopress_titles_title":"","_seopress_titles_desc":"","_seopress_robots_index":""},"product_brand":[4460],"product_cat":[1388,974,82],"product_tag":[],"class_list":{"0":"post-595445","1":"product","2":"type-product","3":"status-publish","4":"has-post-thumbnail","6":"product_brand-montura-de","7":"product_cat-damenbekleidung","8":"product_cat-freizeitkleidung","9":"product_cat-kleidung","11":"first","12":"instock","13":"shipping-taxable","14":"purchasable","15":"product-type-variable"},"_links":{"self":[{"href":"https:\/\/lucacastelli.com\/de\/wp-json\/wp\/v2\/product\/595445","targetHints":{"allow":["GET"]}}],"collection":[{"href":"https:\/\/lucacastelli.com\/de\/wp-json\/wp\/v2\/product"}],"about":[{"href":"https:\/\/lucacastelli.com\/de\/wp-json\/wp\/v2\/types\/product"}],"wp:featuredmedia":[{"embeddable":true,"href":"https:\/\/lucacastelli.com\/de\/wp-json\/wp\/v2\/media\/99115"}],"wp:attachment":[{"href":"https:\/\/lucacastelli.com\/de\/wp-json\/wp\/v2\/media?parent=595445"}],"wp:term":[{"taxonomy":"product_brand","embeddable":true,"href":"https:\/\/lucacastelli.com\/de\/wp-json\/wp\/v2\/product_brand?post=595445"},{"taxonomy":"product_cat","embeddable":true,"href":"https:\/\/lucacastelli.com\/de\/wp-json\/wp\/v2\/product_cat?post=595445"},{"taxonomy":"product_tag","embeddable":true,"href":"https:\/\/lucacastelli.com\/de\/wp-json\/wp\/v2\/product_tag?post=595445"}],"curies":[{"name":"wp","href":"https:\/\/api.w.org\/{rel}","templated":true}]}}