{"id":595408,"date":"2024-03-20T20:45:01","date_gmt":"2024-03-20T19:45:01","guid":{"rendered":"https:\/\/lucacastelli.com\/prodotto\/montura-sarzana-shorts-frau\/"},"modified":"2026-03-01T00:24:41","modified_gmt":"2026-02-28T23:24:41","slug":"montura-sarzana-shorts-frau","status":"publish","type":"product","link":"https:\/\/lucacastelli.com\/de\/produkt\/montura-sarzana-shorts-frau\/","title":{"rendered":"MONTURA SARZANA SHORTS FRAU"},"content":{"rendered":"<p>&#8211; Damen-Shorts<br \/>\n&#8211; Stretch-Nylon-Gewebe mit DWR-Behandlung, doppelt strukturiert und rei\u00df- und scheuerfest<br \/>\n&#8211; Bund mit G\u00fcrtelschlaufen, Knopf und Rei\u00dfverschluss<br \/>\n&#8211; Offene Eingrifftaschen<br \/>\n&#8211; Das ideale Kleidungsst\u00fcck f\u00fcr verschiedene Outdoor- und Freizeitaktivit\u00e4ten<\/p>\n","protected":false},"excerpt":{"rendered":"<p>&#8211; Damen-Shorts &#8211; Stretch-Nylon-Gewebe mit DWR-Behandlung, doppelt strukturiert und rei\u00df- und scheuerfest &#8211; Bund mit G\u00fcrtelschlaufen, Knopf und Rei\u00dfverschluss &#8211;<\/p>\n","protected":false},"featured_media":99076,"template":"","meta":{"_seopress_robots_primary_cat":"","_seopress_titles_title":"","_seopress_titles_desc":"","_seopress_robots_index":""},"product_brand":[4460],"product_cat":[1388,974,82],"product_tag":[],"class_list":{"0":"post-595408","1":"product","2":"type-product","3":"status-publish","4":"has-post-thumbnail","6":"product_brand-montura-de","7":"product_cat-damenbekleidung","8":"product_cat-freizeitkleidung","9":"product_cat-kleidung","11":"first","12":"instock","13":"shipping-taxable","14":"purchasable","15":"product-type-variable"},"_links":{"self":[{"href":"https:\/\/lucacastelli.com\/de\/wp-json\/wp\/v2\/product\/595408","targetHints":{"allow":["GET"]}}],"collection":[{"href":"https:\/\/lucacastelli.com\/de\/wp-json\/wp\/v2\/product"}],"about":[{"href":"https:\/\/lucacastelli.com\/de\/wp-json\/wp\/v2\/types\/product"}],"wp:featuredmedia":[{"embeddable":true,"href":"https:\/\/lucacastelli.com\/de\/wp-json\/wp\/v2\/media\/99076"}],"wp:attachment":[{"href":"https:\/\/lucacastelli.com\/de\/wp-json\/wp\/v2\/media?parent=595408"}],"wp:term":[{"taxonomy":"product_brand","embeddable":true,"href":"https:\/\/lucacastelli.com\/de\/wp-json\/wp\/v2\/product_brand?post=595408"},{"taxonomy":"product_cat","embeddable":true,"href":"https:\/\/lucacastelli.com\/de\/wp-json\/wp\/v2\/product_cat?post=595408"},{"taxonomy":"product_tag","embeddable":true,"href":"https:\/\/lucacastelli.com\/de\/wp-json\/wp\/v2\/product_tag?post=595408"}],"curies":[{"name":"wp","href":"https:\/\/api.w.org\/{rel}","templated":true}]}}