{"id":595377,"date":"2023-09-15T10:24:07","date_gmt":"2023-09-15T08:24:07","guid":{"rendered":"https:\/\/lucacastelli.com\/prodotto\/montura-ausrichten-jersey-frau\/"},"modified":"2026-03-01T00:24:51","modified_gmt":"2026-02-28T23:24:51","slug":"montura-ausrichten-jersey-frau","status":"publish","type":"product","link":"https:\/\/lucacastelli.com\/de\/produkt\/montura-ausrichten-jersey-frau\/","title":{"rendered":"MONTURA AUSRICHTEN JERSEY FRAU"},"content":{"rendered":"<p>&#8211; Offenes Damentrikot<br \/>\n&#8211; 4-Wege-Stretch-Thermofleece mit 3D-Waffelgitterstruktur auf der R\u00fcckseite, hoher UV-Schutz<br \/>\n&#8211; Teilweise gef\u00fcttertes Jersey-Material<br \/>\n&#8211; Vorderseite mittig mit Rei\u00dfverschluss, Rei\u00dfverschlusstaschen an den H\u00e4nden<br \/>\n&#8211; Elastischer Saum<br \/>\n&#8211; Ideales Kleidungsst\u00fcck f\u00fcr alle dynamischen Outdoor-Aktivit\u00e4ten und Bergsteigen<br \/>\n&#8211; Gewicht: 0,31 kg<\/p>\n","protected":false},"excerpt":{"rendered":"<p>&#8211; Offenes Damentrikot &#8211; 4-Wege-Stretch-Thermofleece mit 3D-Waffelgitterstruktur auf der R\u00fcckseite, hoher UV-Schutz &#8211; Teilweise gef\u00fcttertes Jersey-Material &#8211; Vorderseite mittig mit<\/p>\n","protected":false},"featured_media":98698,"template":"","meta":{"_seopress_robots_primary_cat":"","_seopress_titles_title":"","_seopress_titles_desc":"","_seopress_robots_index":""},"product_brand":[4460],"product_cat":[82,974,1388],"product_tag":[],"class_list":{"0":"post-595377","1":"product","2":"type-product","3":"status-publish","4":"has-post-thumbnail","6":"product_brand-montura-de","7":"product_cat-kleidung","8":"product_cat-freizeitkleidung","9":"product_cat-damenbekleidung","11":"first","12":"instock","13":"shipping-taxable","14":"purchasable","15":"product-type-variable"},"_links":{"self":[{"href":"https:\/\/lucacastelli.com\/de\/wp-json\/wp\/v2\/product\/595377","targetHints":{"allow":["GET"]}}],"collection":[{"href":"https:\/\/lucacastelli.com\/de\/wp-json\/wp\/v2\/product"}],"about":[{"href":"https:\/\/lucacastelli.com\/de\/wp-json\/wp\/v2\/types\/product"}],"wp:featuredmedia":[{"embeddable":true,"href":"https:\/\/lucacastelli.com\/de\/wp-json\/wp\/v2\/media\/98698"}],"wp:attachment":[{"href":"https:\/\/lucacastelli.com\/de\/wp-json\/wp\/v2\/media?parent=595377"}],"wp:term":[{"taxonomy":"product_brand","embeddable":true,"href":"https:\/\/lucacastelli.com\/de\/wp-json\/wp\/v2\/product_brand?post=595377"},{"taxonomy":"product_cat","embeddable":true,"href":"https:\/\/lucacastelli.com\/de\/wp-json\/wp\/v2\/product_cat?post=595377"},{"taxonomy":"product_tag","embeddable":true,"href":"https:\/\/lucacastelli.com\/de\/wp-json\/wp\/v2\/product_tag?post=595377"}],"curies":[{"name":"wp","href":"https:\/\/api.w.org\/{rel}","templated":true}]}}