{"id":595330,"date":"2023-09-15T06:27:55","date_gmt":"2023-09-15T04:27:55","guid":{"rendered":"https:\/\/lucacastelli.com\/prodotto\/montura-major-warm-jersey-frau\/"},"modified":"2026-03-01T00:24:45","modified_gmt":"2026-02-28T23:24:45","slug":"montura-major-warm-jersey-frau","status":"publish","type":"product","link":"https:\/\/lucacastelli.com\/de\/produkt\/montura-major-warm-jersey-frau\/","title":{"rendered":"MONTURA MAJOR WARM JERSEY FRAU"},"content":{"rendered":"<p>&#8211; Offener Kapuzenpullover f\u00fcr Damen<br \/>\n&#8211; Thermostrick mit Lammfell-Effekt, atmungsaktiv und pflegeleicht<br \/>\n&#8211; Gef\u00fcttert mit Polyestergewebe<br \/>\n&#8211; Vorderseite in der Mitte mit Rei\u00dfverschluss, Eingrifftaschen mit Rei\u00dfverschluss<br \/>\n&#8211; Ideales Kleidungsst\u00fcck f\u00fcr verschiedene Outdoor-Aktivit\u00e4ten und Freizeit<br \/>\n&#8211; Gewicht: 0,52 kg<\/p>\n","protected":false},"excerpt":{"rendered":"<p>&#8211; Offener Kapuzenpullover f\u00fcr Damen &#8211; Thermostrick mit Lammfell-Effekt, atmungsaktiv und pflegeleicht &#8211; Gef\u00fcttert mit Polyestergewebe &#8211; Vorderseite in der<\/p>\n","protected":false},"featured_media":98595,"template":"","meta":{"_seopress_robots_primary_cat":"","_seopress_titles_title":"","_seopress_titles_desc":"","_seopress_robots_index":""},"product_brand":[4460],"product_cat":[82,974,1388],"product_tag":[],"class_list":{"0":"post-595330","1":"product","2":"type-product","3":"status-publish","4":"has-post-thumbnail","6":"product_brand-montura-de","7":"product_cat-kleidung","8":"product_cat-freizeitkleidung","9":"product_cat-damenbekleidung","11":"first","12":"instock","13":"shipping-taxable","14":"purchasable","15":"product-type-variable"},"_links":{"self":[{"href":"https:\/\/lucacastelli.com\/de\/wp-json\/wp\/v2\/product\/595330","targetHints":{"allow":["GET"]}}],"collection":[{"href":"https:\/\/lucacastelli.com\/de\/wp-json\/wp\/v2\/product"}],"about":[{"href":"https:\/\/lucacastelli.com\/de\/wp-json\/wp\/v2\/types\/product"}],"wp:featuredmedia":[{"embeddable":true,"href":"https:\/\/lucacastelli.com\/de\/wp-json\/wp\/v2\/media\/98595"}],"wp:attachment":[{"href":"https:\/\/lucacastelli.com\/de\/wp-json\/wp\/v2\/media?parent=595330"}],"wp:term":[{"taxonomy":"product_brand","embeddable":true,"href":"https:\/\/lucacastelli.com\/de\/wp-json\/wp\/v2\/product_brand?post=595330"},{"taxonomy":"product_cat","embeddable":true,"href":"https:\/\/lucacastelli.com\/de\/wp-json\/wp\/v2\/product_cat?post=595330"},{"taxonomy":"product_tag","embeddable":true,"href":"https:\/\/lucacastelli.com\/de\/wp-json\/wp\/v2\/product_tag?post=595330"}],"curies":[{"name":"wp","href":"https:\/\/api.w.org\/{rel}","templated":true}]}}