{"id":595325,"date":"2023-09-14T12:41:58","date_gmt":"2023-09-14T10:41:58","guid":{"rendered":"https:\/\/lucacastelli.com\/prodotto\/montura-isarco-stretch-jersey-woman\/"},"modified":"2026-03-01T00:24:38","modified_gmt":"2026-02-28T23:24:38","slug":"montura-isarco-stretch-jersey-woman","status":"publish","type":"product","link":"https:\/\/lucacastelli.com\/de\/produkt\/montura-isarco-stretch-jersey-woman\/","title":{"rendered":"MONTURA ISARCO STRETCH JERSEY WOMAN"},"content":{"rendered":"<p>&#8211; Offenes Damentrikot<br \/>\n&#8211; Atmungsaktives Stretch-Nylon\/Polyester-Gewebe<br \/>\n&#8211; Teilweise mit Polyestergewebe gef\u00fcttert<br \/>\n&#8211; Vorderseite in der Mitte mit Rei\u00dfverschluss, Rei\u00dfverschlusstaschen an den H\u00e4nden<br \/>\n&#8211; Hals und Saum mit Gummizug versehen<br \/>\n&#8211; Ideales Kleidungsst\u00fcck zum Klettern, Bergsteigen und f\u00fcr verschiedene Outdoor-Aktivit\u00e4ten<br \/>\n&#8211; Gewicht: 0,33 kg<\/p>\n","protected":false},"excerpt":{"rendered":"<p>&#8211; Offenes Damentrikot &#8211; Atmungsaktives Stretch-Nylon\/Polyester-Gewebe &#8211; Teilweise mit Polyestergewebe gef\u00fcttert &#8211; Vorderseite in der Mitte mit Rei\u00dfverschluss, Rei\u00dfverschlusstaschen an<\/p>\n","protected":false},"featured_media":98565,"template":"","meta":{"_seopress_robots_primary_cat":"","_seopress_titles_title":"","_seopress_titles_desc":"","_seopress_robots_index":""},"product_brand":[4460],"product_cat":[82,974,1388],"product_tag":[],"class_list":{"0":"post-595325","1":"product","2":"type-product","3":"status-publish","4":"has-post-thumbnail","6":"product_brand-montura-de","7":"product_cat-kleidung","8":"product_cat-freizeitkleidung","9":"product_cat-damenbekleidung","11":"first","12":"instock","13":"shipping-taxable","14":"purchasable","15":"product-type-variable"},"_links":{"self":[{"href":"https:\/\/lucacastelli.com\/de\/wp-json\/wp\/v2\/product\/595325","targetHints":{"allow":["GET"]}}],"collection":[{"href":"https:\/\/lucacastelli.com\/de\/wp-json\/wp\/v2\/product"}],"about":[{"href":"https:\/\/lucacastelli.com\/de\/wp-json\/wp\/v2\/types\/product"}],"wp:featuredmedia":[{"embeddable":true,"href":"https:\/\/lucacastelli.com\/de\/wp-json\/wp\/v2\/media\/98565"}],"wp:attachment":[{"href":"https:\/\/lucacastelli.com\/de\/wp-json\/wp\/v2\/media?parent=595325"}],"wp:term":[{"taxonomy":"product_brand","embeddable":true,"href":"https:\/\/lucacastelli.com\/de\/wp-json\/wp\/v2\/product_brand?post=595325"},{"taxonomy":"product_cat","embeddable":true,"href":"https:\/\/lucacastelli.com\/de\/wp-json\/wp\/v2\/product_cat?post=595325"},{"taxonomy":"product_tag","embeddable":true,"href":"https:\/\/lucacastelli.com\/de\/wp-json\/wp\/v2\/product_tag?post=595325"}],"curies":[{"name":"wp","href":"https:\/\/api.w.org\/{rel}","templated":true}]}}