{"id":595300,"date":"2023-09-14T09:19:42","date_gmt":"2023-09-14T07:19:42","guid":{"rendered":"https:\/\/lucacastelli.com\/prodotto\/montura-meraner-trikot-frau\/"},"modified":"2026-03-01T00:24:52","modified_gmt":"2026-02-28T23:24:52","slug":"montura-meraner-trikot-frau","status":"publish","type":"product","link":"https:\/\/lucacastelli.com\/de\/produkt\/montura-meraner-trikot-frau\/","title":{"rendered":"Montura Meraner Trikot Frau"},"content":{"rendered":"<p>&#8211; Offener Damen-Jersey<br \/>\n&#8211; Bi-Stretch Polyester-Fleece auf der R\u00fcckseite<br \/>\n&#8211; Teilweise gef\u00fcttert mit Jersey-Stoff<br \/>\n&#8211; Rei\u00dfverschluss vorne in der Mitte, Rei\u00dfverschlusstaschen<br \/>\n&#8211; Elastische B\u00fcndchen an \u00c4rmeln und Saum<br \/>\n&#8211; Ideales Kleidungsst\u00fcck f\u00fcr alle dynamischen Outdoor-Aktivit\u00e4ten und Bergsteigen<br \/>\n&#8211; Gewicht: 0,35 kg<\/p>\n","protected":false},"excerpt":{"rendered":"<p>&#8211; Offener Damen-Jersey &#8211; Bi-Stretch Polyester-Fleece auf der R\u00fcckseite &#8211; Teilweise gef\u00fcttert mit Jersey-Stoff &#8211; Rei\u00dfverschluss vorne in der Mitte,<\/p>\n","protected":false},"featured_media":98532,"template":"","meta":{"_seopress_robots_primary_cat":"","_seopress_titles_title":"","_seopress_titles_desc":"","_seopress_robots_index":""},"product_brand":[4460],"product_cat":[82,974,1388],"product_tag":[],"class_list":{"0":"post-595300","1":"product","2":"type-product","3":"status-publish","4":"has-post-thumbnail","6":"product_brand-montura-de","7":"product_cat-kleidung","8":"product_cat-freizeitkleidung","9":"product_cat-damenbekleidung","11":"first","12":"instock","13":"shipping-taxable","14":"purchasable","15":"product-type-variable"},"_links":{"self":[{"href":"https:\/\/lucacastelli.com\/de\/wp-json\/wp\/v2\/product\/595300","targetHints":{"allow":["GET"]}}],"collection":[{"href":"https:\/\/lucacastelli.com\/de\/wp-json\/wp\/v2\/product"}],"about":[{"href":"https:\/\/lucacastelli.com\/de\/wp-json\/wp\/v2\/types\/product"}],"wp:featuredmedia":[{"embeddable":true,"href":"https:\/\/lucacastelli.com\/de\/wp-json\/wp\/v2\/media\/98532"}],"wp:attachment":[{"href":"https:\/\/lucacastelli.com\/de\/wp-json\/wp\/v2\/media?parent=595300"}],"wp:term":[{"taxonomy":"product_brand","embeddable":true,"href":"https:\/\/lucacastelli.com\/de\/wp-json\/wp\/v2\/product_brand?post=595300"},{"taxonomy":"product_cat","embeddable":true,"href":"https:\/\/lucacastelli.com\/de\/wp-json\/wp\/v2\/product_cat?post=595300"},{"taxonomy":"product_tag","embeddable":true,"href":"https:\/\/lucacastelli.com\/de\/wp-json\/wp\/v2\/product_tag?post=595300"}],"curies":[{"name":"wp","href":"https:\/\/api.w.org\/{rel}","templated":true}]}}