{"id":595294,"date":"2023-03-14T12:44:03","date_gmt":"2023-03-14T11:44:03","guid":{"rendered":"https:\/\/lucacastelli.com\/prodotto\/montura-kristall-trikot-fuer-frauen\/"},"modified":"2026-03-01T00:24:42","modified_gmt":"2026-02-28T23:24:42","slug":"montura-kristall-trikot-fuer-frauen","status":"publish","type":"product","link":"https:\/\/lucacastelli.com\/de\/produkt\/montura-kristall-trikot-fuer-frauen\/","title":{"rendered":"MONTURA KRISTALL TRIKOT F\u00dcR FRAUEN"},"content":{"rendered":"<p>&#8211; Offener Kapuzenpullover f\u00fcr Damen<br \/>\n&#8211; 4-Wege-Stretch-Thermofleece mit 3D-Waffelstruktur auf der R\u00fcckseite, hoher UV-Schutz<br \/>\n&#8211; Teilweise mit Mesh-Gewebe gef\u00fcttert<br \/>\n&#8211; Vorderseite in der Mitte mit Rei\u00dfverschluss, Eingrifftaschen mit Rei\u00dfverschluss<br \/>\n&#8211; Elastische Kapuze und Saum<br \/>\n&#8211; Ideales Kleidungsst\u00fcck zum Klettern, f\u00fcr verschiedene Outdoor-Aktivit\u00e4ten und in der Freizeit<\/p>\n","protected":false},"excerpt":{"rendered":"<p>&#8211; Offener Kapuzenpullover f\u00fcr Damen &#8211; 4-Wege-Stretch-Thermofleece mit 3D-Waffelstruktur auf der R\u00fcckseite, hoher UV-Schutz &#8211; Teilweise mit Mesh-Gewebe gef\u00fcttert &#8211;<\/p>\n","protected":false},"featured_media":87164,"template":"","meta":{"_seopress_robots_primary_cat":"","_seopress_titles_title":"","_seopress_titles_desc":"","_seopress_robots_index":""},"product_brand":[4460],"product_cat":[1388,974,82],"product_tag":[],"class_list":{"0":"post-595294","1":"product","2":"type-product","3":"status-publish","4":"has-post-thumbnail","6":"product_brand-montura-de","7":"product_cat-damenbekleidung","8":"product_cat-freizeitkleidung","9":"product_cat-kleidung","11":"first","12":"instock","13":"shipping-taxable","14":"purchasable","15":"product-type-variable"},"_links":{"self":[{"href":"https:\/\/lucacastelli.com\/de\/wp-json\/wp\/v2\/product\/595294","targetHints":{"allow":["GET"]}}],"collection":[{"href":"https:\/\/lucacastelli.com\/de\/wp-json\/wp\/v2\/product"}],"about":[{"href":"https:\/\/lucacastelli.com\/de\/wp-json\/wp\/v2\/types\/product"}],"wp:featuredmedia":[{"embeddable":true,"href":"https:\/\/lucacastelli.com\/de\/wp-json\/wp\/v2\/media\/87164"}],"wp:attachment":[{"href":"https:\/\/lucacastelli.com\/de\/wp-json\/wp\/v2\/media?parent=595294"}],"wp:term":[{"taxonomy":"product_brand","embeddable":true,"href":"https:\/\/lucacastelli.com\/de\/wp-json\/wp\/v2\/product_brand?post=595294"},{"taxonomy":"product_cat","embeddable":true,"href":"https:\/\/lucacastelli.com\/de\/wp-json\/wp\/v2\/product_cat?post=595294"},{"taxonomy":"product_tag","embeddable":true,"href":"https:\/\/lucacastelli.com\/de\/wp-json\/wp\/v2\/product_tag?post=595294"}],"curies":[{"name":"wp","href":"https:\/\/api.w.org\/{rel}","templated":true}]}}