{"id":595188,"date":"2023-05-16T18:52:07","date_gmt":"2023-05-16T16:52:07","guid":{"rendered":"https:\/\/lucacastelli.com\/prodotto\/montura-operator-light-hose\/"},"modified":"2023-05-16T18:52:07","modified_gmt":"2023-05-16T16:52:07","slug":"montura-operator-light-hose","status":"publish","type":"product","link":"https:\/\/lucacastelli.com\/de\/produkt\/montura-operator-light-hose\/","title":{"rendered":"MONTURA OPERATOR LIGHT HOSE"},"content":{"rendered":"<p>&#8211; Unisex-Hose<br \/>\n&#8211; 4-Wege-Stretch-Nylongewebe mit DWR-Behandlung und Abriebfestigkeit<br \/>\n&#8211; Filzgepolsterte Knieauflagen<br \/>\n&#8211; Reflektierende, segmentierte B\u00e4nder<br \/>\n&#8211; Elastischer Bund mit G\u00fcrtelschlaufen Knopf, Rei\u00dfverschluss und Klettverschluss<br \/>\n&#8211; Hand-, Seiten-, Waden- und Ges\u00e4\u00dftaschen mit Rei\u00dfverschluss<br \/>\n&#8211; Verstellbarer Saum<br \/>\n&#8211; Befestigung unter den Schuhen<br \/>\n&#8211; Vorbereitet f\u00fcr Notf\u00e4lle (am Boden oder bei Hubschrauberrettungen)<\/p>\n","protected":false},"excerpt":{"rendered":"<p>&#8211; Unisex-Hose &#8211; 4-Wege-Stretch-Nylongewebe mit DWR-Behandlung und Abriebfestigkeit &#8211; Filzgepolsterte Knieauflagen &#8211; Reflektierende, segmentierte B\u00e4nder &#8211; Elastischer Bund mit G\u00fcrtelschlaufen<\/p>\n","protected":false},"featured_media":44497,"template":"","meta":{"_seopress_robots_primary_cat":"","_seopress_titles_title":"","_seopress_titles_desc":"","_seopress_robots_index":""},"product_brand":[4460],"product_cat":[1382,82],"product_tag":[],"class_list":{"0":"post-595188","1":"product","2":"type-product","3":"status-publish","4":"has-post-thumbnail","6":"product_brand-montura-de","7":"product_cat-arbeitskleidung","8":"product_cat-kleidung","10":"first","11":"instock","12":"shipping-taxable","13":"purchasable","14":"product-type-variable"},"_links":{"self":[{"href":"https:\/\/lucacastelli.com\/de\/wp-json\/wp\/v2\/product\/595188","targetHints":{"allow":["GET"]}}],"collection":[{"href":"https:\/\/lucacastelli.com\/de\/wp-json\/wp\/v2\/product"}],"about":[{"href":"https:\/\/lucacastelli.com\/de\/wp-json\/wp\/v2\/types\/product"}],"wp:featuredmedia":[{"embeddable":true,"href":"https:\/\/lucacastelli.com\/de\/wp-json\/wp\/v2\/media\/44497"}],"wp:attachment":[{"href":"https:\/\/lucacastelli.com\/de\/wp-json\/wp\/v2\/media?parent=595188"}],"wp:term":[{"taxonomy":"product_brand","embeddable":true,"href":"https:\/\/lucacastelli.com\/de\/wp-json\/wp\/v2\/product_brand?post=595188"},{"taxonomy":"product_cat","embeddable":true,"href":"https:\/\/lucacastelli.com\/de\/wp-json\/wp\/v2\/product_cat?post=595188"},{"taxonomy":"product_tag","embeddable":true,"href":"https:\/\/lucacastelli.com\/de\/wp-json\/wp\/v2\/product_tag?post=595188"}],"curies":[{"name":"wp","href":"https:\/\/api.w.org\/{rel}","templated":true}]}}