{"id":595128,"date":"2023-04-25T09:06:18","date_gmt":"2023-04-25T07:06:18","guid":{"rendered":"https:\/\/lucacastelli.com\/prodotto\/montura-sonnig-spielen-t-shirt-frau\/"},"modified":"2026-03-01T00:24:53","modified_gmt":"2026-02-28T23:24:53","slug":"montura-sonnig-spielen-t-shirt-frau","status":"publish","type":"product","link":"https:\/\/lucacastelli.com\/de\/produkt\/montura-sonnig-spielen-t-shirt-frau\/","title":{"rendered":"MONTURA SONNIG SPIELEN T-SHIRT FRAU"},"content":{"rendered":"<p>&#8211; Damen-T-Shirt<br \/>\n&#8211; Microfresh-Polyester-Jersey-Stoff<br \/>\n&#8211; Vordere Mitte mit Kn\u00f6pfen<br \/>\n&#8211; Ideales Kleidungsst\u00fcck f\u00fcr verschiedene Outdoor-Aktivit\u00e4ten und Freizeitaktivit\u00e4ten<\/p>\n","protected":false},"excerpt":{"rendered":"<p>&#8211; Damen-T-Shirt &#8211; Microfresh-Polyester-Jersey-Stoff &#8211; Vordere Mitte mit Kn\u00f6pfen &#8211; Ideales Kleidungsst\u00fcck f\u00fcr verschiedene Outdoor-Aktivit\u00e4ten und Freizeitaktivit\u00e4ten<\/p>\n","protected":false},"featured_media":98461,"template":"","meta":{"_seopress_robots_primary_cat":"","_seopress_titles_title":"","_seopress_titles_desc":"","_seopress_robots_index":""},"product_brand":[4460],"product_cat":[82,974,1388],"product_tag":[],"class_list":{"0":"post-595128","1":"product","2":"type-product","3":"status-publish","4":"has-post-thumbnail","6":"product_brand-montura-de","7":"product_cat-kleidung","8":"product_cat-freizeitkleidung","9":"product_cat-damenbekleidung","11":"first","12":"instock","13":"shipping-taxable","14":"purchasable","15":"product-type-variable"},"_links":{"self":[{"href":"https:\/\/lucacastelli.com\/de\/wp-json\/wp\/v2\/product\/595128","targetHints":{"allow":["GET"]}}],"collection":[{"href":"https:\/\/lucacastelli.com\/de\/wp-json\/wp\/v2\/product"}],"about":[{"href":"https:\/\/lucacastelli.com\/de\/wp-json\/wp\/v2\/types\/product"}],"wp:featuredmedia":[{"embeddable":true,"href":"https:\/\/lucacastelli.com\/de\/wp-json\/wp\/v2\/media\/98461"}],"wp:attachment":[{"href":"https:\/\/lucacastelli.com\/de\/wp-json\/wp\/v2\/media?parent=595128"}],"wp:term":[{"taxonomy":"product_brand","embeddable":true,"href":"https:\/\/lucacastelli.com\/de\/wp-json\/wp\/v2\/product_brand?post=595128"},{"taxonomy":"product_cat","embeddable":true,"href":"https:\/\/lucacastelli.com\/de\/wp-json\/wp\/v2\/product_cat?post=595128"},{"taxonomy":"product_tag","embeddable":true,"href":"https:\/\/lucacastelli.com\/de\/wp-json\/wp\/v2\/product_tag?post=595128"}],"curies":[{"name":"wp","href":"https:\/\/api.w.org\/{rel}","templated":true}]}}