{"id":595107,"date":"2023-04-20T09:46:28","date_gmt":"2023-04-20T07:46:28","guid":{"rendered":"https:\/\/lucacastelli.com\/prodotto\/montura-speed-fly-convert-jacke-frau\/"},"modified":"2026-03-01T00:24:54","modified_gmt":"2026-02-28T23:24:54","slug":"montura-speed-fly-convert-jacke-frau","status":"publish","type":"product","link":"https:\/\/lucacastelli.com\/de\/produkt\/montura-speed-fly-convert-jacke-frau\/","title":{"rendered":"MONTURA SPEED FLY CONVERT JACKE FRAU"},"content":{"rendered":"<p>&#8211; Damen-Kapuzenjacke<br \/>\n&#8211; DWR-Stretch-Nylongewebe mit gepr\u00e4gter Doppelgewebe-Struktur, rei\u00df- und abriebfest<br \/>\n&#8211; Teilweise mit Mesh-Gewebe gef\u00fcttert<br \/>\n&#8211; Wasserdichtes, wendbares Cape-Zubeh\u00f6r aus 2-lagigem DWR-Nylongewebe mit 15K\/15K-Membran, Innenseite aus hochsichtbarem DWR-Nylongewebe mit retroreflektierendem Aufdruck f\u00fcr den Einsatz in Notf\u00e4llen<br \/>\n&#8211; Rei\u00dfverschluss in der Mitte der Vorderseite, Rei\u00dfverschlusstaschen<br \/>\n&#8211; Offene Innentasche zur Aufbewahrung von Cape-Zubeh\u00f6r<br \/>\n&#8211; Elastischer Saum<br \/>\n&#8211; Befestigung des Cape-Zubeh\u00f6rs mit Rei\u00dfverschluss, Kn\u00f6pfen und Klettverschluss<br \/>\n&#8211; Ideales Kleidungsst\u00fcck zum Klettern, Bergsteigen und f\u00fcr verschiedene Outdoor-Aktivit\u00e4ten<\/p>\n","protected":false},"excerpt":{"rendered":"<p>&#8211; Damen-Kapuzenjacke &#8211; DWR-Stretch-Nylongewebe mit gepr\u00e4gter Doppelgewebe-Struktur, rei\u00df- und abriebfest &#8211; Teilweise mit Mesh-Gewebe gef\u00fcttert &#8211; Wasserdichtes, wendbares Cape-Zubeh\u00f6r aus<\/p>\n","protected":false},"featured_media":98429,"template":"","meta":{"_seopress_robots_primary_cat":"","_seopress_titles_title":"","_seopress_titles_desc":"","_seopress_robots_index":""},"product_brand":[4460],"product_cat":[1388,974,82],"product_tag":[],"class_list":{"0":"post-595107","1":"product","2":"type-product","3":"status-publish","4":"has-post-thumbnail","6":"product_brand-montura-de","7":"product_cat-damenbekleidung","8":"product_cat-freizeitkleidung","9":"product_cat-kleidung","10":"sws-gruppo-abb-libero-de","11":"sws-categoria-sito-de","12":"sws-conto-ricavi-merci-rivendita-abbigliamento-de","13":"sws-gruppo-iva-iva81-de","15":"first","16":"instock","17":"shipping-taxable","18":"purchasable","19":"product-type-variable"},"_links":{"self":[{"href":"https:\/\/lucacastelli.com\/de\/wp-json\/wp\/v2\/product\/595107","targetHints":{"allow":["GET"]}}],"collection":[{"href":"https:\/\/lucacastelli.com\/de\/wp-json\/wp\/v2\/product"}],"about":[{"href":"https:\/\/lucacastelli.com\/de\/wp-json\/wp\/v2\/types\/product"}],"wp:featuredmedia":[{"embeddable":true,"href":"https:\/\/lucacastelli.com\/de\/wp-json\/wp\/v2\/media\/98429"}],"wp:attachment":[{"href":"https:\/\/lucacastelli.com\/de\/wp-json\/wp\/v2\/media?parent=595107"}],"wp:term":[{"taxonomy":"product_brand","embeddable":true,"href":"https:\/\/lucacastelli.com\/de\/wp-json\/wp\/v2\/product_brand?post=595107"},{"taxonomy":"product_cat","embeddable":true,"href":"https:\/\/lucacastelli.com\/de\/wp-json\/wp\/v2\/product_cat?post=595107"},{"taxonomy":"product_tag","embeddable":true,"href":"https:\/\/lucacastelli.com\/de\/wp-json\/wp\/v2\/product_tag?post=595107"}],"curies":[{"name":"wp","href":"https:\/\/api.w.org\/{rel}","templated":true}]}}