{"id":595086,"date":"2023-03-27T10:06:38","date_gmt":"2023-03-27T08:06:38","guid":{"rendered":"https:\/\/lucacastelli.com\/prodotto\/montura-wild-2-0-bermuda-frau\/"},"modified":"2026-03-01T00:25:00","modified_gmt":"2026-02-28T23:25:00","slug":"montura-wild-2-0-bermuda-frau","status":"publish","type":"product","link":"https:\/\/lucacastelli.com\/de\/produkt\/montura-wild-2-0-bermuda-frau\/","title":{"rendered":"MONTURA WILD 2.0 BERMUDA FRAU"},"content":{"rendered":"<p>&#8211; Bermuda-Shorts f\u00fcr Damen<br \/>\n&#8211; DWR-Stretch-Nylongewebe mit gepr\u00e4gter Doppelgewebe-Struktur, rei\u00df- und abriebfest<br \/>\n&#8211; Elastischer Bund mit G\u00fcrtelschlaufen, Knopf- und Rei\u00dfverschluss\u00f6ffnung<br \/>\n&#8211; Ges\u00e4\u00dftaschen mit Rei\u00dfverschluss<br \/>\n&#8211; Befestigungssystem mit Innenhose<br \/>\n&#8211; Ideales Kleidungsst\u00fcck f\u00fcr alle Mountainbike-Eins\u00e4tze<\/p>\n","protected":false},"excerpt":{"rendered":"<p>&#8211; Bermuda-Shorts f\u00fcr Damen &#8211; DWR-Stretch-Nylongewebe mit gepr\u00e4gter Doppelgewebe-Struktur, rei\u00df- und abriebfest &#8211; Elastischer Bund mit G\u00fcrtelschlaufen, Knopf- und Rei\u00dfverschluss\u00f6ffnung<\/p>\n","protected":false},"featured_media":88109,"template":"","meta":{"_seopress_robots_primary_cat":"","_seopress_titles_title":"","_seopress_titles_desc":"","_seopress_robots_index":""},"product_brand":[4460],"product_cat":[82,974,1388],"product_tag":[],"class_list":{"0":"post-595086","1":"product","2":"type-product","3":"status-publish","4":"has-post-thumbnail","6":"product_brand-montura-de","7":"product_cat-kleidung","8":"product_cat-freizeitkleidung","9":"product_cat-damenbekleidung","11":"first","12":"instock","13":"shipping-taxable","14":"purchasable","15":"product-type-variable"},"_links":{"self":[{"href":"https:\/\/lucacastelli.com\/de\/wp-json\/wp\/v2\/product\/595086","targetHints":{"allow":["GET"]}}],"collection":[{"href":"https:\/\/lucacastelli.com\/de\/wp-json\/wp\/v2\/product"}],"about":[{"href":"https:\/\/lucacastelli.com\/de\/wp-json\/wp\/v2\/types\/product"}],"wp:featuredmedia":[{"embeddable":true,"href":"https:\/\/lucacastelli.com\/de\/wp-json\/wp\/v2\/media\/88109"}],"wp:attachment":[{"href":"https:\/\/lucacastelli.com\/de\/wp-json\/wp\/v2\/media?parent=595086"}],"wp:term":[{"taxonomy":"product_brand","embeddable":true,"href":"https:\/\/lucacastelli.com\/de\/wp-json\/wp\/v2\/product_brand?post=595086"},{"taxonomy":"product_cat","embeddable":true,"href":"https:\/\/lucacastelli.com\/de\/wp-json\/wp\/v2\/product_cat?post=595086"},{"taxonomy":"product_tag","embeddable":true,"href":"https:\/\/lucacastelli.com\/de\/wp-json\/wp\/v2\/product_tag?post=595086"}],"curies":[{"name":"wp","href":"https:\/\/api.w.org\/{rel}","templated":true}]}}