{"id":595028,"date":"2023-11-14T15:32:00","date_gmt":"2023-11-14T14:32:00","guid":{"rendered":"https:\/\/lucacastelli.com\/prodotto\/montura-stretch-jersey-woman\/"},"modified":"2026-03-01T00:24:48","modified_gmt":"2026-02-28T23:24:48","slug":"montura-stretch-jersey-woman","status":"publish","type":"product","link":"https:\/\/lucacastelli.com\/de\/produkt\/montura-stretch-jersey-woman\/","title":{"rendered":"MONTURA STRETCH JERSEY WOMAN"},"content":{"rendered":"<p>&#8211; Offener Damenpullover<br \/>\n&#8211; Thermisches Bi-Stretch-Polyester-Fleece<br \/>\n&#8211; Teilweise mit Netzgewebe gef\u00fcttert<br \/>\n&#8211; Vorne mittig mit Rei\u00dfverschluss, Rei\u00dfverschlusstaschen<br \/>\n&#8211; Elastische B\u00fcndchen an \u00c4rmeln und Saum<br \/>\n&#8211; Ideales Kleidungsst\u00fcck f\u00fcr verschiedene Outdoor-Aktivit\u00e4ten und Freizeit<br \/>\n&#8211; Gewicht: 0,35 kg<\/p>\n","protected":false},"excerpt":{"rendered":"<p>&#8211; Offener Damenpullover &#8211; Thermisches Bi-Stretch-Polyester-Fleece &#8211; Teilweise mit Netzgewebe gef\u00fcttert &#8211; Vorne mittig mit Rei\u00dfverschluss, Rei\u00dfverschlusstaschen &#8211; Elastische B\u00fcndchen<\/p>\n","protected":false},"featured_media":98925,"template":"","meta":{"_seopress_robots_primary_cat":"","_seopress_titles_title":"","_seopress_titles_desc":"","_seopress_robots_index":""},"product_brand":[4460],"product_cat":[1388,974,82],"product_tag":[],"class_list":{"0":"post-595028","1":"product","2":"type-product","3":"status-publish","4":"has-post-thumbnail","6":"product_brand-montura-de","7":"product_cat-damenbekleidung","8":"product_cat-freizeitkleidung","9":"product_cat-kleidung","11":"first","12":"instock","13":"shipping-taxable","14":"purchasable","15":"product-type-variable"},"_links":{"self":[{"href":"https:\/\/lucacastelli.com\/de\/wp-json\/wp\/v2\/product\/595028","targetHints":{"allow":["GET"]}}],"collection":[{"href":"https:\/\/lucacastelli.com\/de\/wp-json\/wp\/v2\/product"}],"about":[{"href":"https:\/\/lucacastelli.com\/de\/wp-json\/wp\/v2\/types\/product"}],"wp:featuredmedia":[{"embeddable":true,"href":"https:\/\/lucacastelli.com\/de\/wp-json\/wp\/v2\/media\/98925"}],"wp:attachment":[{"href":"https:\/\/lucacastelli.com\/de\/wp-json\/wp\/v2\/media?parent=595028"}],"wp:term":[{"taxonomy":"product_brand","embeddable":true,"href":"https:\/\/lucacastelli.com\/de\/wp-json\/wp\/v2\/product_brand?post=595028"},{"taxonomy":"product_cat","embeddable":true,"href":"https:\/\/lucacastelli.com\/de\/wp-json\/wp\/v2\/product_cat?post=595028"},{"taxonomy":"product_tag","embeddable":true,"href":"https:\/\/lucacastelli.com\/de\/wp-json\/wp\/v2\/product_tag?post=595028"}],"curies":[{"name":"wp","href":"https:\/\/api.w.org\/{rel}","templated":true}]}}