{"id":595025,"date":"2023-11-12T08:11:05","date_gmt":"2023-11-12T07:11:05","guid":{"rendered":"https:\/\/lucacastelli.com\/prodotto\/montura-soundtrack-maglia-frau\/"},"modified":"2026-03-01T00:24:48","modified_gmt":"2026-02-28T23:24:48","slug":"montura-soundtrack-maglia-frau","status":"publish","type":"product","link":"https:\/\/lucacastelli.com\/de\/produkt\/montura-soundtrack-maglia-frau\/","title":{"rendered":"MONTURA SOUNDTRACK MAGLIA FRAU"},"content":{"rendered":"<p>&#8211; Jersey mit offener Kapuze<br \/>\n&#8211; Hoch atmungsaktives, UV-gesch\u00fctztes Power-Stretch-Fleece auf der R\u00fcckseite<br \/>\n&#8211; Teilweise gef\u00fcttert mit Jersey-Stoff<br \/>\n&#8211; Vorderseite mittig mit Rei\u00dfverschluss, Rei\u00dfverschlusstaschen an den H\u00e4nden<br \/>\n&#8211; Elastischer Saum<br \/>\n&#8211; Ideales Kleidungsst\u00fcck f\u00fcr Aerobic, Outdoor und Freizeitaktivit\u00e4ten<br \/>\n&#8211; Gewicht: 0,51 kg<\/p>\n","protected":false},"excerpt":{"rendered":"<p>&#8211; Jersey mit offener Kapuze &#8211; Hoch atmungsaktives, UV-gesch\u00fctztes Power-Stretch-Fleece auf der R\u00fcckseite &#8211; Teilweise gef\u00fcttert mit Jersey-Stoff &#8211; Vorderseite<\/p>\n","protected":false},"featured_media":98885,"template":"","meta":{"_seopress_robots_primary_cat":"","_seopress_titles_title":"","_seopress_titles_desc":"","_seopress_robots_index":""},"product_brand":[4393],"product_cat":[21,189,200],"product_tag":[],"class_list":{"0":"post-595025","1":"product","2":"type-product","3":"status-publish","4":"has-post-thumbnail","6":"product_brand-montura","7":"product_cat-abbigliamento","8":"product_cat-abbigliamento-per-il-tempo-libero","9":"product_cat-abbigliamento-da-donna","11":"first","12":"instock","13":"shipping-taxable","14":"purchasable","15":"product-type-variable","16":"has-default-attributes"},"_links":{"self":[{"href":"https:\/\/lucacastelli.com\/de\/wp-json\/wp\/v2\/product\/595025","targetHints":{"allow":["GET"]}}],"collection":[{"href":"https:\/\/lucacastelli.com\/de\/wp-json\/wp\/v2\/product"}],"about":[{"href":"https:\/\/lucacastelli.com\/de\/wp-json\/wp\/v2\/types\/product"}],"wp:featuredmedia":[{"embeddable":true,"href":"https:\/\/lucacastelli.com\/de\/wp-json\/wp\/v2\/media\/98885"}],"wp:attachment":[{"href":"https:\/\/lucacastelli.com\/de\/wp-json\/wp\/v2\/media?parent=595025"}],"wp:term":[{"taxonomy":"product_brand","embeddable":true,"href":"https:\/\/lucacastelli.com\/de\/wp-json\/wp\/v2\/product_brand?post=595025"},{"taxonomy":"product_cat","embeddable":true,"href":"https:\/\/lucacastelli.com\/de\/wp-json\/wp\/v2\/product_cat?post=595025"},{"taxonomy":"product_tag","embeddable":true,"href":"https:\/\/lucacastelli.com\/de\/wp-json\/wp\/v2\/product_tag?post=595025"}],"curies":[{"name":"wp","href":"https:\/\/api.w.org\/{rel}","templated":true}]}}