{"id":594970,"date":"2023-10-13T19:01:39","date_gmt":"2023-10-13T17:01:39","guid":{"rendered":"https:\/\/lucacastelli.com\/prodotto\/montura-remind-fleecejacke-frau\/"},"modified":"2026-03-01T00:24:50","modified_gmt":"2026-02-28T23:24:50","slug":"montura-remind-fleecejacke-frau","status":"publish","type":"product","link":"https:\/\/lucacastelli.com\/de\/produkt\/montura-remind-fleecejacke-frau\/","title":{"rendered":"MONTURA REMIND FLEECEJACKE FRAU"},"content":{"rendered":"<p>&#8211; Damenjacke<br \/>\n&#8211; Polartec Thermal Pro Polyester-Fleece<br \/>\n&#8211; Teilweise gef\u00fcttert mit Jersey-Stoff<br \/>\n&#8211; Vorderseite mittig mit Rei\u00dfverschluss, Rei\u00dfverschlusstaschen<br \/>\n&#8211; Elastische B\u00fcndchen an \u00c4rmeln und Saum<br \/>\n&#8211; Ideales Kleidungsst\u00fcck f\u00fcr verschiedene Outdoor-Aktivit\u00e4ten und Freizeit bei kaltem Wetter<br \/>\n&#8211; Gewicht: 0,34 kg<\/p>\n","protected":false},"excerpt":{"rendered":"<p>&#8211; Damenjacke &#8211; Polartec Thermal Pro Polyester-Fleece &#8211; Teilweise gef\u00fcttert mit Jersey-Stoff &#8211; Vorderseite mittig mit Rei\u00dfverschluss, Rei\u00dfverschlusstaschen &#8211; Elastische<\/p>\n","protected":false},"featured_media":98840,"template":"","meta":{"_seopress_robots_primary_cat":"","_seopress_titles_title":"","_seopress_titles_desc":"","_seopress_robots_index":""},"product_brand":[4460],"product_cat":[1388,974,82],"product_tag":[],"class_list":{"0":"post-594970","1":"product","2":"type-product","3":"status-publish","4":"has-post-thumbnail","6":"product_brand-montura-de","7":"product_cat-damenbekleidung","8":"product_cat-freizeitkleidung","9":"product_cat-kleidung","10":"sws-gruppo-abb-libero-de","11":"sws-categoria-sito-de","12":"sws-conto-ricavi-merci-rivendita-abbigliamento-de","13":"sws-gruppo-iva-iva81-de","15":"first","16":"instock","17":"shipping-taxable","18":"purchasable","19":"product-type-variable"},"_links":{"self":[{"href":"https:\/\/lucacastelli.com\/de\/wp-json\/wp\/v2\/product\/594970","targetHints":{"allow":["GET"]}}],"collection":[{"href":"https:\/\/lucacastelli.com\/de\/wp-json\/wp\/v2\/product"}],"about":[{"href":"https:\/\/lucacastelli.com\/de\/wp-json\/wp\/v2\/types\/product"}],"wp:featuredmedia":[{"embeddable":true,"href":"https:\/\/lucacastelli.com\/de\/wp-json\/wp\/v2\/media\/98840"}],"wp:attachment":[{"href":"https:\/\/lucacastelli.com\/de\/wp-json\/wp\/v2\/media?parent=594970"}],"wp:term":[{"taxonomy":"product_brand","embeddable":true,"href":"https:\/\/lucacastelli.com\/de\/wp-json\/wp\/v2\/product_brand?post=594970"},{"taxonomy":"product_cat","embeddable":true,"href":"https:\/\/lucacastelli.com\/de\/wp-json\/wp\/v2\/product_cat?post=594970"},{"taxonomy":"product_tag","embeddable":true,"href":"https:\/\/lucacastelli.com\/de\/wp-json\/wp\/v2\/product_tag?post=594970"}],"curies":[{"name":"wp","href":"https:\/\/api.w.org\/{rel}","templated":true}]}}