{"id":594940,"date":"2023-09-15T10:33:58","date_gmt":"2023-09-15T08:33:58","guid":{"rendered":"https:\/\/lucacastelli.com\/prodotto\/montura-schicksal-duvet-frau\/"},"modified":"2026-03-01T00:24:37","modified_gmt":"2026-02-28T23:24:37","slug":"montura-schicksal-duvet-frau","status":"publish","type":"product","link":"https:\/\/lucacastelli.com\/de\/produkt\/montura-schicksal-duvet-frau\/","title":{"rendered":"MONTURA SCHICKSAL DUVET FRAU"},"content":{"rendered":"<p>&#8211; Wattierte Damenjacke mit Kapuze<br \/>\n&#8211; 2-lagiges DWR-Nylongewebe mit 15K\/15K-Membran<br \/>\n&#8211; Gef\u00fcttert mit DWR-Nylongewebe<br \/>\n&#8211; F\u00fcllung 100% recyceltes Polyester Comfortemp Down feel<br \/>\n&#8211; Ultraleichte Sekund\u00e4rf\u00fcllung aus Comfortemp\u00ae 60gr Polyester<br \/>\n&#8211; Vorderseite mittig mit Rei\u00dfverschluss, Rei\u00dfverschlusstaschen<br \/>\n&#8211; Kapuze mit Stirnband und Gummizug<br \/>\n&#8211; B\u00fcndchen und Saum mit Gummizug<br \/>\n&#8211; Ideales Kleidungsst\u00fcck f\u00fcr verschiedene Outdoor-Aktivit\u00e4ten und Freizeit bei kaltem Wetter<br \/>\n&#8211; Gewicht 0.5 kg<\/p>\n","protected":false},"excerpt":{"rendered":"<p>&#8211; Wattierte Damenjacke mit Kapuze &#8211; 2-lagiges DWR-Nylongewebe mit 15K\/15K-Membran &#8211; Gef\u00fcttert mit DWR-Nylongewebe &#8211; F\u00fcllung 100% recyceltes Polyester Comfortemp<\/p>\n","protected":false},"featured_media":98722,"template":"","meta":{"_seopress_robots_primary_cat":"","_seopress_titles_title":"","_seopress_titles_desc":"","_seopress_robots_index":""},"product_brand":[4460],"product_cat":[82,974,1388],"product_tag":[],"class_list":{"0":"post-594940","1":"product","2":"type-product","3":"status-publish","4":"has-post-thumbnail","6":"product_brand-montura-de","7":"product_cat-kleidung","8":"product_cat-freizeitkleidung","9":"product_cat-damenbekleidung","11":"first","12":"instock","13":"shipping-taxable","14":"purchasable","15":"product-type-variable"},"_links":{"self":[{"href":"https:\/\/lucacastelli.com\/de\/wp-json\/wp\/v2\/product\/594940","targetHints":{"allow":["GET"]}}],"collection":[{"href":"https:\/\/lucacastelli.com\/de\/wp-json\/wp\/v2\/product"}],"about":[{"href":"https:\/\/lucacastelli.com\/de\/wp-json\/wp\/v2\/types\/product"}],"wp:featuredmedia":[{"embeddable":true,"href":"https:\/\/lucacastelli.com\/de\/wp-json\/wp\/v2\/media\/98722"}],"wp:attachment":[{"href":"https:\/\/lucacastelli.com\/de\/wp-json\/wp\/v2\/media?parent=594940"}],"wp:term":[{"taxonomy":"product_brand","embeddable":true,"href":"https:\/\/lucacastelli.com\/de\/wp-json\/wp\/v2\/product_brand?post=594940"},{"taxonomy":"product_cat","embeddable":true,"href":"https:\/\/lucacastelli.com\/de\/wp-json\/wp\/v2\/product_cat?post=594940"},{"taxonomy":"product_tag","embeddable":true,"href":"https:\/\/lucacastelli.com\/de\/wp-json\/wp\/v2\/product_tag?post=594940"}],"curies":[{"name":"wp","href":"https:\/\/api.w.org\/{rel}","templated":true}]}}