{"id":594931,"date":"2023-09-15T12:04:14","date_gmt":"2023-09-15T10:04:14","guid":{"rendered":"https:\/\/lucacastelli.com\/prodotto\/montura-premium-wind-hoody-jacket-wom\/"},"modified":"2026-03-01T00:24:50","modified_gmt":"2026-02-28T23:24:50","slug":"montura-premium-wind-hoody-jacket-wom","status":"publish","type":"product","link":"https:\/\/lucacastelli.com\/de\/produkt\/montura-premium-wind-hoody-jacket-wom\/","title":{"rendered":"MONTURA PREMIUM WIND HOODY JACKET WOM."},"content":{"rendered":"<p>&#8211; Damen-Kapuzenjacke<br \/>\n&#8211; DWR-Stretch-Polyestergewebe mit Doppelgewebekonstruktion und Softshell<br \/>\n&#8211; Kontrastierendes DWR-Stretch-Nylongewebe<br \/>\n&#8211; Teilweise gef\u00fcttert mit Jerseystoff<br \/>\n&#8211; Vorderseite mittig mit Rei\u00dfverschluss, Eingrifftaschen mit Rei\u00dfverschluss, offene Innentasche<br \/>\n&#8211; Kapuze, \u00c4rmelb\u00fcndchen und Saum mit elastischem Abschluss<br \/>\n&#8211; Ideales Kleidungsst\u00fcck f\u00fcr verschiedene Outdoor-Aktivit\u00e4ten und Freizeit<br \/>\n&#8211; Gewicht: 0,41 kg<\/p>\n","protected":false},"excerpt":{"rendered":"<p>&#8211; Damen-Kapuzenjacke &#8211; DWR-Stretch-Polyestergewebe mit Doppelgewebekonstruktion und Softshell &#8211; Kontrastierendes DWR-Stretch-Nylongewebe &#8211; Teilweise gef\u00fcttert mit Jerseystoff &#8211; Vorderseite mittig mit<\/p>\n","protected":false},"featured_media":98742,"template":"","meta":{"_seopress_robots_primary_cat":"","_seopress_titles_title":"","_seopress_titles_desc":"","_seopress_robots_index":""},"product_brand":[4393],"product_cat":[21,189,200],"product_tag":[],"class_list":{"0":"post-594931","1":"product","2":"type-product","3":"status-publish","4":"has-post-thumbnail","6":"product_brand-montura","7":"product_cat-abbigliamento","8":"product_cat-abbigliamento-per-il-tempo-libero","9":"product_cat-abbigliamento-da-donna","10":"sws-gruppo-abb-libero-de","11":"sws-categoria-sito-de","12":"sws-conto-ricavi-merci-rivendita-abbigliamento-de","13":"sws-gruppo-iva-iva81-de","15":"first","16":"instock","17":"shipping-taxable","18":"purchasable","19":"product-type-variable"},"_links":{"self":[{"href":"https:\/\/lucacastelli.com\/de\/wp-json\/wp\/v2\/product\/594931","targetHints":{"allow":["GET"]}}],"collection":[{"href":"https:\/\/lucacastelli.com\/de\/wp-json\/wp\/v2\/product"}],"about":[{"href":"https:\/\/lucacastelli.com\/de\/wp-json\/wp\/v2\/types\/product"}],"wp:featuredmedia":[{"embeddable":true,"href":"https:\/\/lucacastelli.com\/de\/wp-json\/wp\/v2\/media\/98742"}],"wp:attachment":[{"href":"https:\/\/lucacastelli.com\/de\/wp-json\/wp\/v2\/media?parent=594931"}],"wp:term":[{"taxonomy":"product_brand","embeddable":true,"href":"https:\/\/lucacastelli.com\/de\/wp-json\/wp\/v2\/product_brand?post=594931"},{"taxonomy":"product_cat","embeddable":true,"href":"https:\/\/lucacastelli.com\/de\/wp-json\/wp\/v2\/product_cat?post=594931"},{"taxonomy":"product_tag","embeddable":true,"href":"https:\/\/lucacastelli.com\/de\/wp-json\/wp\/v2\/product_tag?post=594931"}],"curies":[{"name":"wp","href":"https:\/\/api.w.org\/{rel}","templated":true}]}}