{"id":594873,"date":"2025-08-05T16:24:05","date_gmt":"2025-08-05T14:24:05","guid":{"rendered":"https:\/\/lucacastelli.com\/prodotto\/protos-inuit-jacke-dark-melange\/"},"modified":"2026-04-16T00:50:43","modified_gmt":"2026-04-15T22:50:43","slug":"protos-inuit-jacke-dark-melange","status":"publish","type":"product","link":"https:\/\/lucacastelli.com\/de\/produkt\/protos-inuit-jacke-dark-melange\/","title":{"rendered":"Protos\u00ae Inuit Jacke dark-melange"},"content":{"rendered":"<p>Die Aussenseite der Protos\u00ae Inuit Jacke ist glatt gestrickt und durch eine wasserabweisende Behandlung vor Schmutz gesch\u00fctzt. Die Innenseite besteht aus weichem Flanell. Die Protos\u00ae Inuit Jacke ist mit wasserabweisenden Verst\u00e4rkungen an den Schultern, verst\u00e4rkten Ellbogen, Zipp2Zipp\u00ae Taschensystem und angerautem Innenfutter f\u00fcr optimalen Komfort ausgestattet. Der Kragen und der verl\u00e4ngerte Nierenschutz sch\u00fctzen vor K\u00e4lte, w\u00e4hrend das 3CON\u00ae Reflex auf der R\u00fcckseite f\u00fcr bessere Sichtbarkeit sorgt. Die Farben Orange und Gelb sind auch mit Reflexstreifen erh\u00e4ltlich.<br \/>\n-Zipp2Zipp\u00ae Taschensystem mit Autolock-Reissverschl\u00fcssen<br \/>\n-Robustes und schmutzabweisendes Strickgewebe<br \/>\n-Weicher Flanell auf der Haut<br \/>\n-Wasserabweisende Verst\u00e4rkungen an den Schultern<br \/>\n-Abriebfeste Verst\u00e4rkungen an den Ellbogen<br \/>\n-Reflektierendes 3CON\u00ae am verl\u00e4ngerten R\u00fcckenteil<br \/>\n-Hoher Kragen und verl\u00e4ngertes R\u00fcckenteil<br \/>\n-Extra tiefe Innentasche<br \/>\n-Reflexstreifen in den Farben Gelb und Orange    <\/p>\n<p>Material: 100 % Polyester<\/p>\n","protected":false},"excerpt":{"rendered":"<p>Die Aussenseite der Protos\u00ae Inuit Jacke ist glatt gestrickt und durch eine wasserabweisende Behandlung vor Schmutz gesch\u00fctzt. Die Innenseite besteht<\/p>\n","protected":false},"featured_media":594101,"template":"","meta":{"_seopress_robots_primary_cat":"none","_seopress_titles_title":"","_seopress_titles_desc":"","_seopress_robots_index":""},"product_brand":[3670,4720],"product_cat":[82,1382,974,975],"product_tag":[],"class_list":{"0":"post-594873","1":"product","2":"type-product","3":"status-publish","4":"has-post-thumbnail","6":"product_brand-pfanner-de","7":"product_brand-protos-de","8":"product_cat-kleidung","9":"product_cat-arbeitskleidung","10":"product_cat-freizeitkleidung","11":"product_cat-herrenbekleidung","12":"sws-gruppo-no-gruppo-de","13":"sws-conto-ricavi-merci-rivendita-abbigliamento-de","14":"sws-gruppo-iva-iva81-de","16":"first","17":"instock","18":"shipping-taxable","19":"purchasable","20":"product-type-variable","21":"has-default-attributes"},"_links":{"self":[{"href":"https:\/\/lucacastelli.com\/de\/wp-json\/wp\/v2\/product\/594873","targetHints":{"allow":["GET"]}}],"collection":[{"href":"https:\/\/lucacastelli.com\/de\/wp-json\/wp\/v2\/product"}],"about":[{"href":"https:\/\/lucacastelli.com\/de\/wp-json\/wp\/v2\/types\/product"}],"wp:featuredmedia":[{"embeddable":true,"href":"https:\/\/lucacastelli.com\/de\/wp-json\/wp\/v2\/media\/594101"}],"wp:attachment":[{"href":"https:\/\/lucacastelli.com\/de\/wp-json\/wp\/v2\/media?parent=594873"}],"wp:term":[{"taxonomy":"product_brand","embeddable":true,"href":"https:\/\/lucacastelli.com\/de\/wp-json\/wp\/v2\/product_brand?post=594873"},{"taxonomy":"product_cat","embeddable":true,"href":"https:\/\/lucacastelli.com\/de\/wp-json\/wp\/v2\/product_cat?post=594873"},{"taxonomy":"product_tag","embeddable":true,"href":"https:\/\/lucacastelli.com\/de\/wp-json\/wp\/v2\/product_tag?post=594873"}],"curies":[{"name":"wp","href":"https:\/\/api.w.org\/{rel}","templated":true}]}}