{"id":594799,"date":"2022-06-15T00:49:12","date_gmt":"2022-06-14T22:49:12","guid":{"rendered":"https:\/\/lucacastelli.com\/prodotto\/backpack-wildleder-70\/"},"modified":"2022-06-15T00:49:12","modified_gmt":"2022-06-14T22:49:12","slug":"backpack-wildleder-70","status":"publish","type":"product","link":"https:\/\/lucacastelli.com\/de\/produkt\/backpack-wildleder-70\/","title":{"rendered":"BACKPACK Wildleder 70"},"content":{"rendered":"<p>Technischer Rucksack f\u00fcr die Jagd aus leisem SUEDE-Material mit R\u00fccken in FREEDOM AIR MESH SYSTEM, das die Last ausgeglichen h\u00e4lt und den R\u00fccken immer bel\u00fcftet, gepolsterte und verstellbare Schultergurte mit Schiebe-Brustgurt und Schnalle-Schnalle. Das neue Haken-\u00d6ffnungssystem erm\u00f6glicht einen schnellen Zugriff auf den Rucksack, ohne Ger\u00e4usche zu verursachen. Er verf\u00fcgt \u00fcber 2 Seitenfalten, die mit einem Rei\u00dfverschluss und Klettverschluss erweitert werden k\u00f6nnen, um das Volumen des Hauptk\u00f6rpers zu variieren und sein Fassungsverm\u00f6gen um 20 Liter zu erh\u00f6hen. Der wasserdichte und hitzeversiegelte Wildbeutel ist in der Seitentasche untergebracht. Der Rucksack ist au\u00dferdem mit 5 Taschen ausgestattet, darunter 1 sehr ger\u00e4umige Fronttasche, 2 auf der Kapuze (eine mit S0S-Aufdruck), 2 Seitentaschen, eine davon f\u00fcr die Spektiv. Die verdeckte Gewehr- und Karabinertasche auf der Vorderseite ist n\u00fctzlich f\u00fcr sichere und bequeme Fahrten. Sie verf\u00fcgt \u00fcber eine gepolsterte Innensocke f\u00fcr den Gewehrschaft, die durch Befestigung an den \u00e4u\u00dferen Schnallen als Kleidersack verwendet werden kann. Wenn sie nicht gebraucht wird, verwandelt sich die Tasche in ein ger\u00e4umiges Staufach. Dieser Rucksack ist auf der R\u00fcckseite mit einer verdeckten Innentasche mit 2 F\u00e4chern zum Schwingen ausgestattet, die dank des in der Kapuze befindlichen Rei\u00dfverschlusses schnell zug\u00e4nglich ist. Dank der Haken am Boden k\u00f6nnen Sie das Volumen des Rucksacks reduzieren. Rucksack Abdeckung auf dem Boden eingef\u00fcgt.         <\/p>\n","protected":false},"excerpt":{"rendered":"<p>Technischer Rucksack f\u00fcr die Jagd aus leisem SUEDE-Material mit R\u00fccken in FREEDOM AIR MESH SYSTEM, das die Last ausgeglichen h\u00e4lt<\/p>\n","protected":false},"featured_media":69299,"template":"","meta":{"_seopress_robots_primary_cat":"","_seopress_titles_title":"","_seopress_titles_desc":"","_seopress_robots_index":""},"product_brand":[4424],"product_cat":[33,211,212],"product_tag":[],"class_list":{"0":"post-594799","1":"product","2":"type-product","3":"status-publish","4":"has-post-thumbnail","6":"product_brand-marsupio","7":"product_cat-attrezzature","8":"product_cat-attrezzatura-per-il-tempo-libero","9":"product_cat-altro","10":"sws-gruppo-abb-libero-de","11":"sws-conto-ricavi-merci-rivendita-abbigliamento-de","12":"sws-gruppo-iva-iva81-de","14":"first","15":"instock","16":"shipping-taxable","17":"purchasable","18":"product-type-simple"},"_links":{"self":[{"href":"https:\/\/lucacastelli.com\/de\/wp-json\/wp\/v2\/product\/594799","targetHints":{"allow":["GET"]}}],"collection":[{"href":"https:\/\/lucacastelli.com\/de\/wp-json\/wp\/v2\/product"}],"about":[{"href":"https:\/\/lucacastelli.com\/de\/wp-json\/wp\/v2\/types\/product"}],"wp:featuredmedia":[{"embeddable":true,"href":"https:\/\/lucacastelli.com\/de\/wp-json\/wp\/v2\/media\/69299"}],"wp:attachment":[{"href":"https:\/\/lucacastelli.com\/de\/wp-json\/wp\/v2\/media?parent=594799"}],"wp:term":[{"taxonomy":"product_brand","embeddable":true,"href":"https:\/\/lucacastelli.com\/de\/wp-json\/wp\/v2\/product_brand?post=594799"},{"taxonomy":"product_cat","embeddable":true,"href":"https:\/\/lucacastelli.com\/de\/wp-json\/wp\/v2\/product_cat?post=594799"},{"taxonomy":"product_tag","embeddable":true,"href":"https:\/\/lucacastelli.com\/de\/wp-json\/wp\/v2\/product_tag?post=594799"}],"curies":[{"name":"wp","href":"https:\/\/api.w.org\/{rel}","templated":true}]}}