{"id":594798,"date":"2023-03-02T13:12:54","date_gmt":"2023-03-02T12:12:54","guid":{"rendered":"https:\/\/lucacastelli.com\/prodotto\/upper-wildleder-45-pf\/"},"modified":"2023-03-02T13:12:54","modified_gmt":"2023-03-02T12:12:54","slug":"upper-wildleder-45-pf","status":"publish","type":"product","link":"https:\/\/lucacastelli.com\/de\/produkt\/upper-wildleder-45-pf\/","title":{"rendered":"UPPER Wildleder 45 PF"},"content":{"rendered":"<p>Leises SUEDE-Material<br \/>\nR\u00fccken aus FREEDOM AIR MESH<br \/>\nHerausnehmbarer, w\u00e4rmeversiegelter, wasserdichter Innensack<br \/>\n4 Au\u00dfentaschen (1 vorne, 1 an der Kapuze, 2 Seitentaschen, eine f\u00fcr Spektiv)<br \/>\nWasserdichte Rucksackh\u00fclle<br \/>\nLED Plus Nature<\/p>\n<p>Das FREEDOM AIR System sorgt f\u00fcr eine deutliche Verringerung des Schwitzens und f\u00fcr ein besseres Frischegef\u00fchl. Die Stahlstruktur ist nicht nur leicht und elastisch, sondern sorgt auch f\u00fcr eine hervorragende Bel\u00fcftung. Der Abstand zwischen dem Netzr\u00fccken und dem Rucksack l\u00e4sst die Feuchtigkeit von den 3 Seiten entweichen. Die anatomisch geformten Schultergurte sind gepolstert und bequem, um das Gewicht gleichm\u00e4\u00dfig zu verteilen.   <\/p>\n<p>Material SUEDE<\/p>\n<p>Eine Neuheit, die uns von anderen unterscheidet, sie ist weich und vor allem ger\u00e4uscharm, ideal f\u00fcr die Jagd. Die innovative Mikrofaser &#8220;SUEDE&#8221; ist eine synthetische Textilfaser, die heute in vielen Bereichen eingesetzt wird: Rucks\u00e4cke, Taschen, Kleidung, Sofas, Reinigungst\u00fccher. Sie entsteht durch die Umwandlung einer synthetischen Faser (h\u00e4ufig Polyester) und ist dank ihrer Zusammensetzung besonders widerstandsf\u00e4hig und flexibel, aber auch zu 100% wasserabweisend und waschbar, da sie besonders dicht gewebt ist.  <\/p>\n<table style=\"width: 430px\" border=\"0\" cellspacing=\"0\" cellpadding=\"0\">\n<tbody>\n<tr>\n<td width=\"229\" height=\"20\"><strong><span style=\"font-family: Calibri;font-size: medium\">Art.  <\/span><\/strong><\/td>\n<td width=\"201\"><strong><span style=\"font-family: Calibri;font-size: medium\">M210PF<\/span><\/strong><\/td>\n<\/tr>\n<tr>\n<td height=\"20\"><span style=\"font-family: Calibri;font-size: medium\">Volumen (Liter)<\/span><\/td>\n<td><span style=\"font-family: Calibri;font-size: medium\">45<\/span><\/td>\n<\/tr>\n<tr>\n<td height=\"20\"><span style=\"font-family: Calibri;font-size: medium\">Abmessungen (cm)<\/span><\/td>\n<td><span style=\"font-family: Calibri;font-size: medium\">52 x 34 x 15<\/span><\/td>\n<\/tr>\n<tr>\n<td height=\"20\"><span style=\"font-family: Calibri;font-size: medium\">Material<\/span><\/td>\n<td><span style=\"font-family: Calibri;font-size: medium\">SUEDE<\/span><\/td>\n<\/tr>\n<tr>\n<td height=\"20\"><span style=\"font-family: Calibri;font-size: medium\">Farbe<\/span><\/td>\n<td><span style=\"font-family: Calibri;font-size: medium\">gr\u00fcn<\/span><\/td>\n<\/tr>\n<tr>\n<td height=\"20\"><span style=\"font-family: Calibri;font-size: medium\">Gewicht<\/span><\/td>\n<td><span style=\"font-family: Calibri;font-size: medium\">1700 g<\/span><\/td>\n<\/tr>\n<tr>\n<td height=\"20\"><span style=\"font-family: Calibri;font-size: medium\">Preis<\/span><\/td>\n<td><span style=\"font-family: Calibri;font-size: medium\">278.00<\/span><\/td>\n<\/tr>\n<\/tbody>\n<\/table>\n","protected":false},"excerpt":{"rendered":"<p>Leises SUEDE-Material R\u00fccken aus FREEDOM AIR MESH Herausnehmbarer, w\u00e4rmeversiegelter, wasserdichter Innensack 4 Au\u00dfentaschen (1 vorne, 1 an der Kapuze, 2<\/p>\n","protected":false},"featured_media":86881,"template":"","meta":{"_seopress_robots_primary_cat":"","_seopress_titles_title":"","_seopress_titles_desc":"","_seopress_robots_index":""},"product_brand":[4690],"product_cat":[150,1409,1703],"product_tag":[],"class_list":{"0":"post-594798","1":"product","2":"type-product","3":"status-publish","4":"has-post-thumbnail","6":"product_brand-marsupio-de","7":"product_cat-ausrustung","8":"product_cat-freizeitausrustung","9":"product_cat-sonstiges","10":"sws-gruppo-abb-libero-de","11":"sws-conto-ricavi-merci-rivendita-abbigliamento-de","13":"first","14":"onbackorder","15":"shipping-taxable","16":"purchasable","17":"product-type-simple"},"_links":{"self":[{"href":"https:\/\/lucacastelli.com\/de\/wp-json\/wp\/v2\/product\/594798","targetHints":{"allow":["GET"]}}],"collection":[{"href":"https:\/\/lucacastelli.com\/de\/wp-json\/wp\/v2\/product"}],"about":[{"href":"https:\/\/lucacastelli.com\/de\/wp-json\/wp\/v2\/types\/product"}],"wp:featuredmedia":[{"embeddable":true,"href":"https:\/\/lucacastelli.com\/de\/wp-json\/wp\/v2\/media\/86881"}],"wp:attachment":[{"href":"https:\/\/lucacastelli.com\/de\/wp-json\/wp\/v2\/media?parent=594798"}],"wp:term":[{"taxonomy":"product_brand","embeddable":true,"href":"https:\/\/lucacastelli.com\/de\/wp-json\/wp\/v2\/product_brand?post=594798"},{"taxonomy":"product_cat","embeddable":true,"href":"https:\/\/lucacastelli.com\/de\/wp-json\/wp\/v2\/product_cat?post=594798"},{"taxonomy":"product_tag","embeddable":true,"href":"https:\/\/lucacastelli.com\/de\/wp-json\/wp\/v2\/product_tag?post=594798"}],"curies":[{"name":"wp","href":"https:\/\/api.w.org\/{rel}","templated":true}]}}