{"id":594795,"date":"2022-06-15T00:51:55","date_gmt":"2022-06-14T22:51:55","guid":{"rendered":"https:\/\/lucacastelli.com\/prodotto\/wald-35-bis-upper\/"},"modified":"2022-06-15T00:51:55","modified_gmt":"2022-06-14T22:51:55","slug":"wald-35-bis-upper","status":"publish","type":"product","link":"https:\/\/lucacastelli.com\/de\/produkt\/wald-35-bis-upper\/","title":{"rendered":"Wald 35 BIS UPPER"},"content":{"rendered":"<p>Rucksack zum Pilzesammeln, halb aus Stoff und halb aus Netz. Der Rucksack ist<br \/>\ngesetzeskonform, mit gepolstertem R\u00fccken mit 4 Polstern, Brustgurt, verstellbaren Schultergurten und<br \/>\nH\u00fcftgurt. Ausgestattet mit zwei Seitentaschen mit Seitenfalten, von denen eine ein aluminisierter Wasserflaschenhalter ist, um Getr\u00e4nke k\u00fchl zu halten. Fronttaschen f\u00fcr Ausweis, Messer und praktische Blasebalgtasche an der Kapuze. Abnehmbarer und verstellbarer Schultergurt, um das Pilzesammeln zu erleichtern.    <\/p>\n","protected":false},"excerpt":{"rendered":"<p>Rucksack zum Pilzesammeln, halb aus Stoff und halb aus Netz. Der Rucksack ist gesetzeskonform, mit gepolstertem R\u00fccken mit 4 Polstern,<\/p>\n","protected":false},"featured_media":69385,"template":"","meta":{"_seopress_robots_primary_cat":"","_seopress_titles_title":"","_seopress_titles_desc":"","_seopress_robots_index":""},"product_brand":[4690],"product_cat":[150,1409,1703],"product_tag":[],"class_list":{"0":"post-594795","1":"product","2":"type-product","3":"status-publish","4":"has-post-thumbnail","6":"product_brand-marsupio-de","7":"product_cat-ausrustung","8":"product_cat-freizeitausrustung","9":"product_cat-sonstiges","10":"sws-gruppo-abb-libero-de","11":"sws-conto-ricavi-merci-rivendita-abbigliamento-de","12":"sws-gruppo-iva-iva81-de","14":"first","15":"onbackorder","16":"shipping-taxable","17":"purchasable","18":"product-type-simple"},"_links":{"self":[{"href":"https:\/\/lucacastelli.com\/de\/wp-json\/wp\/v2\/product\/594795","targetHints":{"allow":["GET"]}}],"collection":[{"href":"https:\/\/lucacastelli.com\/de\/wp-json\/wp\/v2\/product"}],"about":[{"href":"https:\/\/lucacastelli.com\/de\/wp-json\/wp\/v2\/types\/product"}],"wp:featuredmedia":[{"embeddable":true,"href":"https:\/\/lucacastelli.com\/de\/wp-json\/wp\/v2\/media\/69385"}],"wp:attachment":[{"href":"https:\/\/lucacastelli.com\/de\/wp-json\/wp\/v2\/media?parent=594795"}],"wp:term":[{"taxonomy":"product_brand","embeddable":true,"href":"https:\/\/lucacastelli.com\/de\/wp-json\/wp\/v2\/product_brand?post=594795"},{"taxonomy":"product_cat","embeddable":true,"href":"https:\/\/lucacastelli.com\/de\/wp-json\/wp\/v2\/product_cat?post=594795"},{"taxonomy":"product_tag","embeddable":true,"href":"https:\/\/lucacastelli.com\/de\/wp-json\/wp\/v2\/product_tag?post=594795"}],"curies":[{"name":"wp","href":"https:\/\/api.w.org\/{rel}","templated":true}]}}