{"id":594748,"date":"2025-08-05T12:14:47","date_gmt":"2025-08-05T10:14:47","guid":{"rendered":"https:\/\/lucacastelli.com\/prodotto\/stihl-batteriehalter\/"},"modified":"2025-08-05T12:14:47","modified_gmt":"2025-08-05T10:14:47","slug":"stihl-batteriehalter","status":"publish","type":"product","link":"https:\/\/lucacastelli.com\/de\/produkt\/stihl-batteriehalter\/","title":{"rendered":"STIHL Batteriehalter"},"content":{"rendered":"<h2>Akkuhalterung: bis zu 6 STIHL AP-Akkus f\u00fcr bequemen, platzsparenden Transport<\/h2>\n<p>Mit dem STIHL Akkuhalter sorgen <b>professionelle Anwender<\/b>, z. B. in der Kommunal- und Landschaftspflege oder in Kleinbetrieben, f\u00fcr den <b>sicheren Transport und die platzsparende Aufbewahrung von bis zu 6<\/b> <b>STIHL AP<\/b> <b>Akkus<\/b>. Dank des<b>ergonomischen Griffs<\/b> lassen sich die <b>besonders leichten<\/b> Kunststoffboxen und die darin enthaltenen STIHL Akkus jederzeit bequem tragen. <b>2 zus\u00e4tzliche Griffe an der Unterseite<\/b> erleichtern den Transport mit beiden H\u00e4nden. Beim Transport im Fahrzeug <b>k\u00f6nnen bis zu 3 STIHL Akkutr\u00e4ger gestapelt werden<\/b>. F\u00fcr einen sicheren Transport k\u00f6nnen die stapelbaren Akkuboxen mit Spanngurten gesichert werden.   <\/p>\n","protected":false},"excerpt":{"rendered":"<p>Akkuhalterung: bis zu 6 STIHL AP-Akkus f\u00fcr bequemen, platzsparenden Transport Mit dem STIHL Akkuhalter sorgen professionelle Anwender, z. B. in<\/p>\n","protected":false},"featured_media":593671,"template":"","meta":{"_seopress_robots_primary_cat":"","_seopress_titles_title":"","_seopress_titles_desc":"","_seopress_robots_index":""},"product_brand":[3554],"product_cat":[169,1449],"product_tag":[],"class_list":{"0":"post-594748","1":"product","2":"type-product","3":"status-publish","4":"has-post-thumbnail","6":"product_brand-stihl-de","7":"product_cat-maschinen","8":"product_cat-batteriesysteme-zubehor","9":"sws-gruppo-macchinari-de","10":"sws-conto-ricavi-merci-rivendita-macchinari-de","11":"sws-gruppo-iva-iva81-de","13":"first","14":"instock","15":"shipping-taxable","16":"purchasable","17":"product-type-simple"},"_links":{"self":[{"href":"https:\/\/lucacastelli.com\/de\/wp-json\/wp\/v2\/product\/594748","targetHints":{"allow":["GET"]}}],"collection":[{"href":"https:\/\/lucacastelli.com\/de\/wp-json\/wp\/v2\/product"}],"about":[{"href":"https:\/\/lucacastelli.com\/de\/wp-json\/wp\/v2\/types\/product"}],"wp:featuredmedia":[{"embeddable":true,"href":"https:\/\/lucacastelli.com\/de\/wp-json\/wp\/v2\/media\/593671"}],"wp:attachment":[{"href":"https:\/\/lucacastelli.com\/de\/wp-json\/wp\/v2\/media?parent=594748"}],"wp:term":[{"taxonomy":"product_brand","embeddable":true,"href":"https:\/\/lucacastelli.com\/de\/wp-json\/wp\/v2\/product_brand?post=594748"},{"taxonomy":"product_cat","embeddable":true,"href":"https:\/\/lucacastelli.com\/de\/wp-json\/wp\/v2\/product_cat?post=594748"},{"taxonomy":"product_tag","embeddable":true,"href":"https:\/\/lucacastelli.com\/de\/wp-json\/wp\/v2\/product_tag?post=594748"}],"curies":[{"name":"wp","href":"https:\/\/api.w.org\/{rel}","templated":true}]}}