{"id":594743,"date":"2025-06-01T02:41:33","date_gmt":"2025-06-01T00:41:33","guid":{"rendered":"https:\/\/lucacastelli.com\/prodotto\/stihl-advance-vent-helmset\/"},"modified":"2026-03-02T11:23:15","modified_gmt":"2026-03-02T10:23:15","slug":"stihl-advance-vent-helmset","status":"publish","type":"product","link":"https:\/\/lucacastelli.com\/de\/produkt\/stihl-advance-vent-helmset\/","title":{"rendered":"STIHL ADVANCE Vent Helmset"},"content":{"rendered":"<p>pProfessioneller Helm mit Visier und Geh\u00f6rschutz mit hohem Funktionsniveau zur Erf\u00fcllung individueller Pr\u00e4ferenzen und perfekt f\u00fcr Waldarbeiter, die Komfort und Ergonomie bei der t\u00e4glichen Arbeit suchen. Farbe Orange.nbsp;\/p<br \/>\n886661543175 <\/p>\n<p>D\u00e4mmwert 28<br \/>\nH-Wert H-Wert<\/p>\n<p>M-Wert M-Wert<br \/>\nL-Wert 19<br \/>\nLichtdurchl\u00e4ssigkeit 70<\/p>\n","protected":false},"excerpt":{"rendered":"<p>ADVANCE Vent Helmet Set<\/p>\n","protected":false},"featured_media":425458,"template":"","meta":{"_seopress_robots_primary_cat":"","_seopress_titles_title":"","_seopress_titles_desc":"","_seopress_robots_index":""},"product_brand":[],"product_cat":[21],"product_tag":[3265],"class_list":{"0":"post-594743","1":"product","2":"type-product","3":"status-publish","4":"has-post-thumbnail","6":"product_cat-abbigliamento","7":"product_tag-import-stihl","8":"sws-gruppo-abb-libero-de","9":"sws-conto-ricavi-merci-rivendita-abbigliamento-de","10":"sws-gruppo-iva-iva81-de","12":"first","13":"onbackorder","14":"purchasable","15":"product-type-simple"},"_links":{"self":[{"href":"https:\/\/lucacastelli.com\/de\/wp-json\/wp\/v2\/product\/594743","targetHints":{"allow":["GET"]}}],"collection":[{"href":"https:\/\/lucacastelli.com\/de\/wp-json\/wp\/v2\/product"}],"about":[{"href":"https:\/\/lucacastelli.com\/de\/wp-json\/wp\/v2\/types\/product"}],"wp:featuredmedia":[{"embeddable":true,"href":"https:\/\/lucacastelli.com\/de\/wp-json\/wp\/v2\/media\/425458"}],"wp:attachment":[{"href":"https:\/\/lucacastelli.com\/de\/wp-json\/wp\/v2\/media?parent=594743"}],"wp:term":[{"taxonomy":"product_brand","embeddable":true,"href":"https:\/\/lucacastelli.com\/de\/wp-json\/wp\/v2\/product_brand?post=594743"},{"taxonomy":"product_cat","embeddable":true,"href":"https:\/\/lucacastelli.com\/de\/wp-json\/wp\/v2\/product_cat?post=594743"},{"taxonomy":"product_tag","embeddable":true,"href":"https:\/\/lucacastelli.com\/de\/wp-json\/wp\/v2\/product_tag?post=594743"}],"curies":[{"name":"wp","href":"https:\/\/api.w.org\/{rel}","templated":true}]}}