{"id":594741,"date":"2025-08-05T11:31:06","date_gmt":"2025-08-05T09:31:06","guid":{"rendered":"https:\/\/lucacastelli.com\/prodotto\/stihl-ap-20-akku\/"},"modified":"2026-04-16T02:11:23","modified_gmt":"2026-04-16T00:11:23","slug":"stihl-ap-20-akku","status":"publish","type":"product","link":"https:\/\/lucacastelli.com\/de\/produkt\/stihl-ap-20-akku\/","title":{"rendered":"STIHL AP 20 Akku"},"content":{"rendered":"<h2 class=\"product-details__title\">Leistungsstarker Akku f\u00fcr die Einstiegsmodelle des AP-Systems<\/h2>\n<div class=\"product-details__description richtexteditor\">\n<p>Das <a href=\"https:\/\/www.stihl.it\/it\/tecnologia-stihl\/carica-batteria-stihl\/stihl-sistema-ap\"><strong>STIHL AP-System<\/strong><\/a> unterst\u00fctzt Sie bei den t\u00e4glichen Arbeiten in Garten, Landschaft und Baumpflege. Die AP-Lithium-Ionen-Akkus erm\u00f6glichen Ihnen den Einsatz von STIHL Akku-Produkten auch bei anspruchsvollen Arbeiten. Dank 4 LEDs sind Sie stets \u00fcber den Ladezustand des Akkus informiert.  <\/p>\n<p>Der STIHL AP 20 Akku mit einer Nennspannung von 36 V ist vielseitig, robust und langlebig. Er erm\u00f6glicht Ihnen die effiziente Durchf\u00fchrung auch anspruchsvollerer Arbeiten. Der AP 20 ist mit allen STIHL Ger\u00e4ten des AP-Systems kompatibel, wobei seine Leistung haupts\u00e4chlich f\u00fcr die Einstiegsmodelle konzipiert ist. F\u00fcr Ger\u00e4te mit h\u00f6herem Energiebedarf empfiehlt sich die Verwendung leistungsst\u00e4rkerer Akkus desselben Systems.   <\/p>\n<p>Sie k\u00f6nnen die STIHL AP 36-V-Akkus mit jedem STIHL Schnellladeger\u00e4t oder mit dem STIHL Standardladeger\u00e4t AL 101 aufladen.<\/p>\n<p>In unserer <a href=\"https:\/\/www.stihl.it\/it\/tecnologia-stihl\/carica-batteria-stihl\/durata-batterie-stihl\"><strong>\u00dcbersicht zu den Lauf- und Ladezeiten der STIHL Akkus<\/strong><\/a> sehen Sie, wie lange Sie mit Ihrem STIHL Akku-Ger\u00e4t arbeiten k\u00f6nnen und wie lange der verwendete AP-Akku zum Aufladen ben\u00f6tigt. Sie finden dort auch, welcher AP-Akku f\u00fcr Ihr STIHL Ger\u00e4t empfohlen wird. <\/p>\n<\/div>\n<p>&nbsp;<\/p>\n<table data-test-id=\"pdp-spec-tech-table\">\n<tbody>\n<tr>\n<td>Nennspannung<\/td>\n<td>36 V<\/td>\n<\/tr>\n<tr>\n<td>Akkugewicht<\/td>\n<td>1,29 kg<\/td>\n<\/tr>\n<tr>\n<td>Energieinhalt<\/td>\n<td>144 Wh<\/td>\n<\/tr>\n<tr>\n<td>Nennkapazit\u00e4t Zelle (laut Herstellerangabe)<\/td>\n<td>2 Ah<\/td>\n<\/tr>\n<tr>\n<td>Anzahl LEDs<\/td>\n<td>4<\/td>\n<\/tr>\n<\/tbody>\n<\/table>\n","protected":false},"excerpt":{"rendered":"<p>Leistungsstarker Akku f\u00fcr die Einstiegsmodelle des AP-Systems Das STIHL AP-System unterst\u00fctzt Sie bei den t\u00e4glichen Arbeiten in Garten, Landschaft und<\/p>\n","protected":false},"featured_media":592567,"template":"","meta":{"_seopress_robots_primary_cat":"none","_seopress_titles_title":"","_seopress_titles_desc":"","_seopress_robots_index":""},"product_brand":[3554],"product_cat":[1449,169],"product_tag":[],"class_list":{"0":"post-594741","1":"product","2":"type-product","3":"status-publish","4":"has-post-thumbnail","6":"product_brand-stihl-de","7":"product_cat-batteriesysteme-zubehor","8":"product_cat-maschinen","9":"sws-gruppo-macchinari-de","10":"sws-conto-ricavi-merci-rivendita-macchinari-de","11":"sws-gruppo-iva-iva81-de","13":"first","14":"instock","15":"shipping-taxable","16":"purchasable","17":"product-type-simple"},"_links":{"self":[{"href":"https:\/\/lucacastelli.com\/de\/wp-json\/wp\/v2\/product\/594741","targetHints":{"allow":["GET"]}}],"collection":[{"href":"https:\/\/lucacastelli.com\/de\/wp-json\/wp\/v2\/product"}],"about":[{"href":"https:\/\/lucacastelli.com\/de\/wp-json\/wp\/v2\/types\/product"}],"wp:featuredmedia":[{"embeddable":true,"href":"https:\/\/lucacastelli.com\/de\/wp-json\/wp\/v2\/media\/592567"}],"wp:attachment":[{"href":"https:\/\/lucacastelli.com\/de\/wp-json\/wp\/v2\/media?parent=594741"}],"wp:term":[{"taxonomy":"product_brand","embeddable":true,"href":"https:\/\/lucacastelli.com\/de\/wp-json\/wp\/v2\/product_brand?post=594741"},{"taxonomy":"product_cat","embeddable":true,"href":"https:\/\/lucacastelli.com\/de\/wp-json\/wp\/v2\/product_cat?post=594741"},{"taxonomy":"product_tag","embeddable":true,"href":"https:\/\/lucacastelli.com\/de\/wp-json\/wp\/v2\/product_tag?post=594741"}],"curies":[{"name":"wp","href":"https:\/\/api.w.org\/{rel}","templated":true}]}}