{"id":594739,"date":"2025-08-05T11:23:22","date_gmt":"2025-08-05T09:23:22","guid":{"rendered":"https:\/\/lucacastelli.com\/prodotto\/stihl-ap-30-akku\/"},"modified":"2025-08-05T11:23:22","modified_gmt":"2025-08-05T09:23:22","slug":"stihl-ap-30-akku","status":"publish","type":"product","link":"https:\/\/lucacastelli.com\/de\/produkt\/stihl-ap-30-akku\/","title":{"rendered":"STIHL AP 30 Akku"},"content":{"rendered":"<div class=\"product-details__grid--item\">\n<h2 class=\"product-details__title\">Leistungsstarker Akku f\u00fcr AP-Basismodelle<\/h2>\n<div class=\"product-details__description richtexteditor\">\n<p>Das <a href=\"https:\/\/www.stihl.it\/it\/tecnologia-stihl\/carica-batteria-stihl\/stihl-sistema-ap\"><strong>STIHL AP-System <\/strong><\/a>unterst\u00fctzt Sie bei Ihren t\u00e4glichen Aufgaben in der Garten-, Landschafts- und Baumpflege. Die Lithium-Ionen-AP-Akkus erm\u00f6glichen Ihnen den Einsatz von STIHL Akku-Ger\u00e4ten auch bei schweren Arbeiten. Dank der 4 LEDs sind Sie immer \u00fcber den Ladezustand des Akkus informiert.  <\/p>\n<p>Der STIHL Akku <strong>AP 30<\/strong> mit einer Nennspannung von 36 V ist vielseitig, robust und langlebig. Mit ihm k\u00f6nnen Sie selbst die anspruchsvollsten Arbeiten effizient bew\u00e4ltigen. Der AP 30 ist mit allen Ger\u00e4ten des STIHL AP-Systems kompatibel, wobei seine Leistung in erster Linie f\u00fcr die <strong>Basismodelle des AP-Systems<\/strong> ausgelegt ist. F\u00fcr Ger\u00e4te mit h\u00f6herem Leistungsbedarf empfiehlt es sich, leistungsst\u00e4rkere Akkus aus dem gleichen System zu verwenden.   <\/p>\n<p>STIHL AP 36 V Batterien k\u00f6nnen Sie mit jedem STIHL Schnellladeger\u00e4t oder dem Standard-Ladeger\u00e4t STIHL AL 101 laden.<\/p>\n<p>In unserer <a href=\"https:\/\/www.stihl.it\/it\/tecnologia-stihl\/carica-batteria-stihl\/durata-batterie-stihl\"><strong>\u00dcbersicht der Betriebszeiten<\/strong><\/a> und Ladezeiten von STIHL Akkus k\u00f6nnen Sie sehen, wie lange Sie mit Ihrem STIHL Akkuger\u00e4t arbeiten k\u00f6nnen und wie lange der AP Akku zum Aufladen braucht. Au\u00dferdem erfahren Sie, welcher AP Akku f\u00fcr Ihr STIHL Ger\u00e4t empfehlenswert ist. <\/p>\n<\/div>\n<\/div>\n<div class=\"product-details__image\">\n<div class=\"product-image product-image--product-details\"><picture class=\"product-image__picture\"><source srcset=\"\/content\/dam\/stihl\/media\/pim\/126734.jpg.transform\/ProductDetailsSectionView-mq1\/img.jpg 1x, \/content\/dam\/stihl\/media\/pim\/126734.jpg.transform\/ProductDetailsSectionView-mq1-dpr2\/img.jpg 2x\" media=\"(max-width: 569px)\"><\/source><source srcset=\"\/content\/dam\/stihl\/media\/pim\/126734.jpg.transform\/ProductDetailsSectionView-mq2\/img.jpg 1x, \/content\/dam\/stihl\/media\/pim\/126734.jpg.transform\/ProductDetailsSectionView-mq2-dpr2\/img.jpg 2x\" media=\"(max-width: 767px)\"><\/source><source srcset=\"\/content\/dam\/stihl\/media\/pim\/126734.jpg.transform\/ProductDetailsSectionView-mq3\/img.jpg 1x, \/content\/dam\/stihl\/media\/pim\/126734.jpg.transform\/ProductDetailsSectionView-mq3-dpr2\/img.jpg 2x\" media=\"(max-width: 1023px)\"><\/source><\/picture><\/div>\n<\/div>\n<div><\/div>\n<div><\/div>\n<table data-test-id=\"pdp-spec-tech-table\">\n<tbody>\n<tr>\n<td>Nennspannung<\/td>\n<td>36 V<\/td>\n<\/tr>\n<tr>\n<td>Gewicht der Batterie<\/td>\n<td>1,73 kg<\/td>\n<\/tr>\n<tr>\n<td>Energiegehalt<\/td>\n<td>270 Wh<\/td>\n<\/tr>\n<tr>\n<td>Nominale Zellkapazit\u00e4t (laut Herstellerangaben)<\/td>\n<td>2,50 Ah<\/td>\n<\/tr>\n<tr>\n<td>Anzahl der LEDs<\/td>\n<td>4<\/td>\n<\/tr>\n<\/tbody>\n<\/table>\n","protected":false},"excerpt":{"rendered":"<p>Leistungsstarker Akku f\u00fcr AP-Basismodelle Das STIHL AP-System unterst\u00fctzt Sie bei Ihren t\u00e4glichen Aufgaben in der Garten-, Landschafts- und Baumpflege. Die<\/p>\n","protected":false},"featured_media":592442,"template":"","meta":{"_seopress_robots_primary_cat":"","_seopress_titles_title":"","_seopress_titles_desc":"","_seopress_robots_index":""},"product_brand":[3554],"product_cat":[1449,169],"product_tag":[],"class_list":{"0":"post-594739","1":"product","2":"type-product","3":"status-publish","4":"has-post-thumbnail","6":"product_brand-stihl-de","7":"product_cat-batteriesysteme-zubehor","8":"product_cat-maschinen","9":"sws-gruppo-macchinari-de","10":"sws-conto-ricavi-merci-rivendita-macchinari-de","11":"sws-gruppo-iva-iva81-de","13":"first","14":"instock","15":"shipping-taxable","16":"purchasable","17":"product-type-simple"},"_links":{"self":[{"href":"https:\/\/lucacastelli.com\/de\/wp-json\/wp\/v2\/product\/594739","targetHints":{"allow":["GET"]}}],"collection":[{"href":"https:\/\/lucacastelli.com\/de\/wp-json\/wp\/v2\/product"}],"about":[{"href":"https:\/\/lucacastelli.com\/de\/wp-json\/wp\/v2\/types\/product"}],"wp:featuredmedia":[{"embeddable":true,"href":"https:\/\/lucacastelli.com\/de\/wp-json\/wp\/v2\/media\/592442"}],"wp:attachment":[{"href":"https:\/\/lucacastelli.com\/de\/wp-json\/wp\/v2\/media?parent=594739"}],"wp:term":[{"taxonomy":"product_brand","embeddable":true,"href":"https:\/\/lucacastelli.com\/de\/wp-json\/wp\/v2\/product_brand?post=594739"},{"taxonomy":"product_cat","embeddable":true,"href":"https:\/\/lucacastelli.com\/de\/wp-json\/wp\/v2\/product_cat?post=594739"},{"taxonomy":"product_tag","embeddable":true,"href":"https:\/\/lucacastelli.com\/de\/wp-json\/wp\/v2\/product_tag?post=594739"}],"curies":[{"name":"wp","href":"https:\/\/api.w.org\/{rel}","templated":true}]}}