{"id":594706,"date":"2025-06-01T02:46:50","date_gmt":"2025-06-01T00:46:50","guid":{"rendered":"https:\/\/lucacastelli.com\/prodotto\/fs-leggings\/"},"modified":"2025-06-01T02:46:50","modified_gmt":"2025-06-01T00:46:50","slug":"fs-leggings","status":"publish","type":"product","link":"https:\/\/lucacastelli.com\/de\/produkt\/fs-leggings\/","title":{"rendered":"FS-Leggings"},"content":{"rendered":"<p>Farbe , 65 % Polyester, 35 % Baumwolle, L\u00e4nge 50 cm, patentierter zus\u00e4tzlicher atmungsaktiver Aufprallschutz, f\u00fcr extrem anspruchsvolle Eins\u00e4tze, zum Einstecken in die Beininnentasche.<br \/>\n886661931132<\/p>\n","protected":false},"excerpt":{"rendered":"<p>FS-Leggings<\/p>\n","protected":false},"featured_media":482161,"template":"","meta":{"_seopress_robots_primary_cat":"","_seopress_titles_title":"","_seopress_titles_desc":"","_seopress_robots_index":""},"product_brand":[3366],"product_cat":[21,284],"product_tag":[3265],"class_list":{"0":"post-594706","1":"product","2":"type-product","3":"status-publish","4":"has-post-thumbnail","6":"product_brand-stihl","7":"product_cat-abbigliamento","8":"product_cat-abbigliamento-da-lavoro","9":"product_tag-import-stihl","10":"sws-gruppo-abb-libero-de","11":"sws-conto-ricavi-merci-rivendita-abbigliamento-de","12":"sws-gruppo-iva-iva81-de","14":"first","15":"onbackorder","16":"purchasable","17":"product-type-simple"},"_links":{"self":[{"href":"https:\/\/lucacastelli.com\/de\/wp-json\/wp\/v2\/product\/594706","targetHints":{"allow":["GET"]}}],"collection":[{"href":"https:\/\/lucacastelli.com\/de\/wp-json\/wp\/v2\/product"}],"about":[{"href":"https:\/\/lucacastelli.com\/de\/wp-json\/wp\/v2\/types\/product"}],"wp:featuredmedia":[{"embeddable":true,"href":"https:\/\/lucacastelli.com\/de\/wp-json\/wp\/v2\/media\/482161"}],"wp:attachment":[{"href":"https:\/\/lucacastelli.com\/de\/wp-json\/wp\/v2\/media?parent=594706"}],"wp:term":[{"taxonomy":"product_brand","embeddable":true,"href":"https:\/\/lucacastelli.com\/de\/wp-json\/wp\/v2\/product_brand?post=594706"},{"taxonomy":"product_cat","embeddable":true,"href":"https:\/\/lucacastelli.com\/de\/wp-json\/wp\/v2\/product_cat?post=594706"},{"taxonomy":"product_tag","embeddable":true,"href":"https:\/\/lucacastelli.com\/de\/wp-json\/wp\/v2\/product_tag?post=594706"}],"curies":[{"name":"wp","href":"https:\/\/api.w.org\/{rel}","templated":true}]}}