{"id":594700,"date":"2025-06-01T02:55:37","date_gmt":"2025-06-01T00:55:37","guid":{"rendered":"https:\/\/lucacastelli.com\/prodotto\/stihl-sicherheitshose-fs-protect-groesse-3xl\/"},"modified":"2025-12-01T14:46:05","modified_gmt":"2025-12-01T13:46:05","slug":"stihl-sicherheitshose-fs-protect-groesse-3xl","status":"publish","type":"product","link":"https:\/\/lucacastelli.com\/de\/produkt\/stihl-sicherheitshose-fs-protect-groesse-3xl\/","title":{"rendered":"STIHL Sicherheitshose, FS PROTECT, Gr\u00f6\u00dfe 3XL"},"content":{"rendered":"<p>Strapazierf\u00e4hige, atmungsaktive Prallschutzhose mit langen Bel\u00fcftungs\u00f6ffnungen am R\u00fccken und FS-Hosentr\u00e4gerschlaufen. Die zum Patent angemeldeten FS-Extremschutzhosen k\u00f6nnen in die Innentasche gesteckt werden. Zahlreiche praktische Taschen.<br \/>\n886661925117 <\/p>\n<p>Gr\u00f6\u00dfe 3XL<\/p>\n","protected":false},"excerpt":{"rendered":"<p>Sicherheitshose, FS PROTECT, Gr\u00f6\u00dfe 3XL<\/p>\n","protected":false},"featured_media":453773,"template":"","meta":{"_seopress_robots_primary_cat":"","_seopress_titles_title":"","_seopress_titles_desc":"","_seopress_robots_index":""},"product_brand":[3554],"product_cat":[82,1382],"product_tag":[3266],"class_list":{"0":"post-594700","1":"product","2":"type-product","3":"status-publish","4":"has-post-thumbnail","6":"product_brand-stihl-de","7":"product_cat-kleidung","8":"product_cat-arbeitskleidung","9":"product_tag-import-stihl-de","10":"sws-gruppo-abb-libero-de","11":"sws-conto-ricavi-merci-rivendita-abbigliamento-de","12":"sws-gruppo-iva-iva81-de","14":"first","15":"onbackorder","16":"purchasable","17":"product-type-simple"},"_links":{"self":[{"href":"https:\/\/lucacastelli.com\/de\/wp-json\/wp\/v2\/product\/594700","targetHints":{"allow":["GET"]}}],"collection":[{"href":"https:\/\/lucacastelli.com\/de\/wp-json\/wp\/v2\/product"}],"about":[{"href":"https:\/\/lucacastelli.com\/de\/wp-json\/wp\/v2\/types\/product"}],"wp:featuredmedia":[{"embeddable":true,"href":"https:\/\/lucacastelli.com\/de\/wp-json\/wp\/v2\/media\/453773"}],"wp:attachment":[{"href":"https:\/\/lucacastelli.com\/de\/wp-json\/wp\/v2\/media?parent=594700"}],"wp:term":[{"taxonomy":"product_brand","embeddable":true,"href":"https:\/\/lucacastelli.com\/de\/wp-json\/wp\/v2\/product_brand?post=594700"},{"taxonomy":"product_cat","embeddable":true,"href":"https:\/\/lucacastelli.com\/de\/wp-json\/wp\/v2\/product_cat?post=594700"},{"taxonomy":"product_tag","embeddable":true,"href":"https:\/\/lucacastelli.com\/de\/wp-json\/wp\/v2\/product_tag?post=594700"}],"curies":[{"name":"wp","href":"https:\/\/api.w.org\/{rel}","templated":true}]}}