{"id":594693,"date":"2025-06-01T03:08:23","date_gmt":"2025-06-01T01:08:23","guid":{"rendered":"https:\/\/lucacastelli.com\/prodotto\/stihl-laetzchen-ms-protect-einheitsgroesse\/"},"modified":"2025-06-01T03:08:23","modified_gmt":"2025-06-01T01:08:23","slug":"stihl-laetzchen-ms-protect-einheitsgroesse","status":"publish","type":"product","link":"https:\/\/lucacastelli.com\/de\/produkt\/stihl-laetzchen-ms-protect-einheitsgroesse\/","title":{"rendered":"STIHL L\u00e4tzchen, MS Protect, Einheitsgr\u00f6\u00dfe"},"content":{"rendered":"<p>Abkn\u00f6pfbarer Brustprotektor mit Brusttasche und erh\u00f6htem Nierenschutz f\u00fcr Protect MS Hosen. Farbe: signalorange, signalgelb und schwarz. Au\u00dfenmaterial und Futter: 100% Polyester.<br \/>\n886661777457 <\/p>\n","protected":false},"excerpt":{"rendered":"<p>L\u00e4tzchen, MS Protect, Einheitsgr\u00f6\u00dfe<\/p>\n","protected":false},"featured_media":426497,"template":"","meta":{"_seopress_robots_primary_cat":"","_seopress_titles_title":"","_seopress_titles_desc":"","_seopress_robots_index":""},"product_brand":[3366],"product_cat":[21,284],"product_tag":[3265],"class_list":{"0":"post-594693","1":"product","2":"type-product","3":"status-publish","4":"has-post-thumbnail","6":"product_brand-stihl","7":"product_cat-abbigliamento","8":"product_cat-abbigliamento-da-lavoro","9":"product_tag-import-stihl","10":"sws-gruppo-abb-libero-de","11":"sws-conto-ricavi-merci-rivendita-abbigliamento-de","12":"sws-gruppo-iva-iva81-de","14":"first","15":"onbackorder","16":"sale","17":"purchasable","18":"product-type-simple"},"_links":{"self":[{"href":"https:\/\/lucacastelli.com\/de\/wp-json\/wp\/v2\/product\/594693","targetHints":{"allow":["GET"]}}],"collection":[{"href":"https:\/\/lucacastelli.com\/de\/wp-json\/wp\/v2\/product"}],"about":[{"href":"https:\/\/lucacastelli.com\/de\/wp-json\/wp\/v2\/types\/product"}],"wp:featuredmedia":[{"embeddable":true,"href":"https:\/\/lucacastelli.com\/de\/wp-json\/wp\/v2\/media\/426497"}],"wp:attachment":[{"href":"https:\/\/lucacastelli.com\/de\/wp-json\/wp\/v2\/media?parent=594693"}],"wp:term":[{"taxonomy":"product_brand","embeddable":true,"href":"https:\/\/lucacastelli.com\/de\/wp-json\/wp\/v2\/product_brand?post=594693"},{"taxonomy":"product_cat","embeddable":true,"href":"https:\/\/lucacastelli.com\/de\/wp-json\/wp\/v2\/product_cat?post=594693"},{"taxonomy":"product_tag","embeddable":true,"href":"https:\/\/lucacastelli.com\/de\/wp-json\/wp\/v2\/product_tag?post=594693"}],"curies":[{"name":"wp","href":"https:\/\/api.w.org\/{rel}","templated":true}]}}