{"id":594685,"date":"2025-06-01T02:41:08","date_gmt":"2025-06-01T00:41:08","guid":{"rendered":"https:\/\/lucacastelli.com\/prodotto\/stihl-advance-gpa-28-gesichts-ohrschutz\/"},"modified":"2025-06-01T02:41:08","modified_gmt":"2025-06-01T00:41:08","slug":"stihl-advance-gpa-28-gesichts-ohrschutz","status":"publish","type":"product","link":"https:\/\/lucacastelli.com\/de\/produkt\/stihl-advance-gpa-28-gesichts-ohrschutz\/","title":{"rendered":"STIHL ADVANCE GPA 28 Gesichts-\/Ohrschutz"},"content":{"rendered":"<p>Professionelle Kombination und optimale Balance. Weit verstellbare Stirnb\u00e4nder, mit Drehknopf zur Anpassung an den Kopfumfang. Abnehmbare Kappen f\u00fcr den Sommer. Stirnschutz mit Bel\u00fcftungsschlitzen.<br \/>\n886661927579   <\/p>\n<p>Isolationswert 28<br \/>\nH-Wert<\/p>\n<p>M Wert<br \/>\nL Wert 16<br \/>\nLichtdurchl\u00e4ssigkeit 45<\/p>\n","protected":false},"excerpt":{"rendered":"<p>ADVANCE GPA 28 Gesichts- und Geh\u00f6rschutz<\/p>\n","protected":false},"featured_media":425422,"template":"","meta":{"_seopress_robots_primary_cat":"","_seopress_titles_title":"","_seopress_titles_desc":"","_seopress_robots_index":""},"product_brand":[3554],"product_cat":[1396,150,1404,1411],"product_tag":[3266],"class_list":{"0":"post-594685","1":"product","2":"type-product","3":"status-publish","4":"has-post-thumbnail","6":"product_brand-stihl-de","7":"product_cat-arbeitsausrustung","8":"product_cat-ausrustung","9":"product_cat-helme","10":"product_cat-visiere-und-schutzbrillen","11":"product_tag-import-stihl-de","12":"sws-gruppo-abb-libero-de","13":"sws-conto-ricavi-merci-rivendita-abbigliamento-de","14":"sws-gruppo-iva-iva81-de","16":"first","17":"onbackorder","18":"purchasable","19":"product-type-simple"},"_links":{"self":[{"href":"https:\/\/lucacastelli.com\/de\/wp-json\/wp\/v2\/product\/594685","targetHints":{"allow":["GET"]}}],"collection":[{"href":"https:\/\/lucacastelli.com\/de\/wp-json\/wp\/v2\/product"}],"about":[{"href":"https:\/\/lucacastelli.com\/de\/wp-json\/wp\/v2\/types\/product"}],"wp:featuredmedia":[{"embeddable":true,"href":"https:\/\/lucacastelli.com\/de\/wp-json\/wp\/v2\/media\/425422"}],"wp:attachment":[{"href":"https:\/\/lucacastelli.com\/de\/wp-json\/wp\/v2\/media?parent=594685"}],"wp:term":[{"taxonomy":"product_brand","embeddable":true,"href":"https:\/\/lucacastelli.com\/de\/wp-json\/wp\/v2\/product_brand?post=594685"},{"taxonomy":"product_cat","embeddable":true,"href":"https:\/\/lucacastelli.com\/de\/wp-json\/wp\/v2\/product_cat?post=594685"},{"taxonomy":"product_tag","embeddable":true,"href":"https:\/\/lucacastelli.com\/de\/wp-json\/wp\/v2\/product_tag?post=594685"}],"curies":[{"name":"wp","href":"https:\/\/api.w.org\/{rel}","templated":true}]}}