{"id":594684,"date":"2025-06-01T02:41:17","date_gmt":"2025-06-01T00:41:17","guid":{"rendered":"https:\/\/lucacastelli.com\/prodotto\/stihl-function-gss-pa-kurzes-visier-nylongewebe-doppelband\/"},"modified":"2025-06-01T02:41:17","modified_gmt":"2025-06-01T00:41:17","slug":"stihl-function-gss-pa-kurzes-visier-nylongewebe-doppelband","status":"publish","type":"product","link":"https:\/\/lucacastelli.com\/de\/produkt\/stihl-function-gss-pa-kurzes-visier-nylongewebe-doppelband\/","title":{"rendered":"STIHL FUNCTION GSS PA kurzes Visier, Nylongewebe, Doppelband"},"content":{"rendered":"<p>Speziell f\u00fcr den Schutz des Gesichts entwickelt, mit einer Schachtel Geh\u00f6rschutzst\u00f6psel, aber f\u00fcr die Verwendung mit Freischneidern, Trimmern, Gebl\u00e4sen\/Zerst\u00e4ubern und Rasenm\u00e4hern muss zus\u00e4tzlich ein Augenschutz verwendet werden. Nylonnetz, zwei verstellbare Frontgurte. Gewicht ca. 156g.\/p<br \/>\n886661927739<\/p>\n<p>Lichtdurchl\u00e4ssigkeit 61<br \/>\nIsolationswert Isolationswert<\/p>\n<p>H-Wert<br \/>\nM-Wert 31<br \/>\nL-Wert 28<\/p>\n","protected":false},"excerpt":{"rendered":"<p>FUNCTION GSS PA kurzes Visier, Nylongewebe, Doppelband<\/p>\n","protected":false},"featured_media":425431,"template":"","meta":{"_seopress_robots_primary_cat":"","_seopress_titles_title":"","_seopress_titles_desc":"","_seopress_robots_index":""},"product_brand":[3366],"product_cat":[33,537,815],"product_tag":[3265],"class_list":{"0":"post-594684","1":"product","2":"type-product","3":"status-publish","4":"has-post-thumbnail","6":"product_brand-stihl","7":"product_cat-attrezzature","8":"product_cat-attrezzatura-da-lavoro","9":"product_cat-caschi","10":"product_tag-import-stihl","11":"sws-gruppo-abb-libero-de","12":"sws-conto-ricavi-merci-rivendita-abbigliamento-de","13":"sws-gruppo-iva-iva81-de","15":"first","16":"onbackorder","17":"purchasable","18":"product-type-simple"},"_links":{"self":[{"href":"https:\/\/lucacastelli.com\/de\/wp-json\/wp\/v2\/product\/594684","targetHints":{"allow":["GET"]}}],"collection":[{"href":"https:\/\/lucacastelli.com\/de\/wp-json\/wp\/v2\/product"}],"about":[{"href":"https:\/\/lucacastelli.com\/de\/wp-json\/wp\/v2\/types\/product"}],"wp:featuredmedia":[{"embeddable":true,"href":"https:\/\/lucacastelli.com\/de\/wp-json\/wp\/v2\/media\/425431"}],"wp:attachment":[{"href":"https:\/\/lucacastelli.com\/de\/wp-json\/wp\/v2\/media?parent=594684"}],"wp:term":[{"taxonomy":"product_brand","embeddable":true,"href":"https:\/\/lucacastelli.com\/de\/wp-json\/wp\/v2\/product_brand?post=594684"},{"taxonomy":"product_cat","embeddable":true,"href":"https:\/\/lucacastelli.com\/de\/wp-json\/wp\/v2\/product_cat?post=594684"},{"taxonomy":"product_tag","embeddable":true,"href":"https:\/\/lucacastelli.com\/de\/wp-json\/wp\/v2\/product_tag?post=594684"}],"curies":[{"name":"wp","href":"https:\/\/api.w.org\/{rel}","templated":true}]}}