{"id":594680,"date":"2025-06-01T02:41:09","date_gmt":"2025-06-01T00:41:09","guid":{"rendered":"https:\/\/lucacastelli.com\/prodotto\/stihl-kurzer-schutz-function-gpa-24-mit-nylongitter\/"},"modified":"2025-06-01T02:41:09","modified_gmt":"2025-06-01T00:41:09","slug":"stihl-kurzer-schutz-function-gpa-24-mit-nylongitter","status":"publish","type":"product","link":"https:\/\/lucacastelli.com\/de\/produkt\/stihl-kurzer-schutz-function-gpa-24-mit-nylongitter\/","title":{"rendered":"STIHL Kurzer Schutz FUNCTION GPA 24, mit Nylongitter"},"content":{"rendered":"<p>pMit der Kombination aus Gesichts- und Geh\u00f6rschutz erhalten Gelegenheits- und Heimanwender effektiven Schutz bei anspruchsvollen Arbeiten. Die leichte Kombination mit einem verstellbaren Kopfband bietet hohen Tragekomfort und passt sich gut der Kopfform an. Der Geh\u00f6rschutz der STIHL FUNCTION GPA besteht aus gut schalld\u00e4mmenden Ohrkappen. Ein drehbares Visier aus Nylon (Polyamid PA) bietet guten Gesichtsschutz und erm\u00f6glicht flexibles Arbeiten. Bei allen Arbeiten mit Freischneidern, Heckenscheren, Blasger\u00e4ten, Spr\u00fchger\u00e4ten und Rasenm\u00e4hern muss zus\u00e4tzlich ein Augenschutz (Schutzbrille nach EN 166) getragen werden.\/ppZus\u00e4tzliche Informationen:\/pulliSicherheitsanforderungen: EN 352, EN 1731\/liliGeh\u00f6rschutz: SNR 25 (H: 27, M: 22, L: 16)\/li\/ul<br \/>\n886661927616<\/p>\n<p>Isolierwert 25<br \/>\nH-Wert<\/p>\n<p>M Wert<br \/>\nL Wert 16<br \/>\nLichtdurchl\u00e4ssigkeit 61<\/p>\n","protected":false},"excerpt":{"rendered":"<p>FUNCTION GPA 24 Kurzzeitschutz, mit Nylonnetz<\/p>\n","protected":false},"featured_media":437986,"template":"","meta":{"_seopress_robots_primary_cat":"","_seopress_titles_title":"","_seopress_titles_desc":"","_seopress_robots_index":""},"product_brand":[3366],"product_cat":[33,537,815],"product_tag":[3265],"class_list":{"0":"post-594680","1":"product","2":"type-product","3":"status-publish","4":"has-post-thumbnail","6":"product_brand-stihl","7":"product_cat-attrezzature","8":"product_cat-attrezzatura-da-lavoro","9":"product_cat-caschi","10":"product_tag-import-stihl","11":"sws-gruppo-macchinari-de","12":"sws-conto-ricavi-merci-rivendita-macchinari-de","13":"sws-gruppo-iva-iva81-de","15":"first","16":"onbackorder","17":"sale","18":"purchasable","19":"product-type-simple"},"_links":{"self":[{"href":"https:\/\/lucacastelli.com\/de\/wp-json\/wp\/v2\/product\/594680","targetHints":{"allow":["GET"]}}],"collection":[{"href":"https:\/\/lucacastelli.com\/de\/wp-json\/wp\/v2\/product"}],"about":[{"href":"https:\/\/lucacastelli.com\/de\/wp-json\/wp\/v2\/types\/product"}],"wp:featuredmedia":[{"embeddable":true,"href":"https:\/\/lucacastelli.com\/de\/wp-json\/wp\/v2\/media\/437986"}],"wp:attachment":[{"href":"https:\/\/lucacastelli.com\/de\/wp-json\/wp\/v2\/media?parent=594680"}],"wp:term":[{"taxonomy":"product_brand","embeddable":true,"href":"https:\/\/lucacastelli.com\/de\/wp-json\/wp\/v2\/product_brand?post=594680"},{"taxonomy":"product_cat","embeddable":true,"href":"https:\/\/lucacastelli.com\/de\/wp-json\/wp\/v2\/product_cat?post=594680"},{"taxonomy":"product_tag","embeddable":true,"href":"https:\/\/lucacastelli.com\/de\/wp-json\/wp\/v2\/product_tag?post=594680"}],"curies":[{"name":"wp","href":"https:\/\/api.w.org\/{rel}","templated":true}]}}