{"id":594677,"date":"2025-06-01T02:41:19","date_gmt":"2025-06-01T00:41:19","guid":{"rendered":"https:\/\/lucacastelli.com\/prodotto\/stihl-dynamic-gpc-kurzer-kunststoffschutz-doppelband\/"},"modified":"2025-06-01T02:41:19","modified_gmt":"2025-06-01T00:41:19","slug":"stihl-dynamic-gpc-kurzer-kunststoffschutz-doppelband","status":"publish","type":"product","link":"https:\/\/lucacastelli.com\/de\/produkt\/stihl-dynamic-gpc-kurzer-kunststoffschutz-doppelband\/","title":{"rendered":"STIHL DYNAMIC GPC Kurzer Kunststoffschutz, Doppelband"},"content":{"rendered":"<p>pMit doppeltem Kopfband und Ohrst\u00f6pseln. Mit gr\u00f6\u00dferem Visier und zus\u00e4tzlichem Stirnschutz. Gewicht ca. 297g.\/p<br \/>\n886661927746<\/p>\n<p>Isolationswert 31<br \/>\nH-Wert<\/p>\n<p>M-Wert<br \/>\nL-Wert 19<\/p>\n","protected":false},"excerpt":{"rendered":"<p>Kurzer DYNAMIC GPC Kunststoffprotektor, Doppelband<\/p>\n","protected":false},"featured_media":425435,"template":"","meta":{"_seopress_robots_primary_cat":"","_seopress_titles_title":"","_seopress_titles_desc":"","_seopress_robots_index":""},"product_brand":[3366],"product_cat":[33,537,815,816],"product_tag":[3265],"class_list":{"0":"post-594677","1":"product","2":"type-product","3":"status-publish","4":"has-post-thumbnail","6":"product_brand-stihl","7":"product_cat-attrezzature","8":"product_cat-attrezzatura-da-lavoro","9":"product_cat-caschi","10":"product_cat-visiere-e-occhiali-protettivi","11":"product_tag-import-stihl","12":"sws-gruppo-abb-libero-de","13":"sws-conto-ricavi-merci-rivendita-abbigliamento-de","14":"sws-gruppo-iva-iva81-de","16":"first","17":"onbackorder","18":"purchasable","19":"product-type-simple"},"_links":{"self":[{"href":"https:\/\/lucacastelli.com\/de\/wp-json\/wp\/v2\/product\/594677","targetHints":{"allow":["GET"]}}],"collection":[{"href":"https:\/\/lucacastelli.com\/de\/wp-json\/wp\/v2\/product"}],"about":[{"href":"https:\/\/lucacastelli.com\/de\/wp-json\/wp\/v2\/types\/product"}],"wp:featuredmedia":[{"embeddable":true,"href":"https:\/\/lucacastelli.com\/de\/wp-json\/wp\/v2\/media\/425435"}],"wp:attachment":[{"href":"https:\/\/lucacastelli.com\/de\/wp-json\/wp\/v2\/media?parent=594677"}],"wp:term":[{"taxonomy":"product_brand","embeddable":true,"href":"https:\/\/lucacastelli.com\/de\/wp-json\/wp\/v2\/product_brand?post=594677"},{"taxonomy":"product_cat","embeddable":true,"href":"https:\/\/lucacastelli.com\/de\/wp-json\/wp\/v2\/product_cat?post=594677"},{"taxonomy":"product_tag","embeddable":true,"href":"https:\/\/lucacastelli.com\/de\/wp-json\/wp\/v2\/product_tag?post=594677"}],"curies":[{"name":"wp","href":"https:\/\/api.w.org\/{rel}","templated":true}]}}