{"id":594671,"date":"2025-06-01T02:41:23","date_gmt":"2025-06-01T00:41:23","guid":{"rendered":"https:\/\/lucacastelli.com\/prodotto\/stihl-kurzes-kunststoffvisier-mit-doppelkopfband-function-gss-pc\/"},"modified":"2025-06-01T02:41:23","modified_gmt":"2025-06-01T00:41:23","slug":"stihl-kurzes-kunststoffvisier-mit-doppelkopfband-function-gss-pc","status":"publish","type":"product","link":"https:\/\/lucacastelli.com\/de\/produkt\/stihl-kurzes-kunststoffvisier-mit-doppelkopfband-function-gss-pc\/","title":{"rendered":"STIHL Kurzes Kunststoffvisier mit Doppelkopfband FUNCTION GSS PC"},"content":{"rendered":"<p>pDer Gesichts- und Geh\u00f6rschutz FUNCTION GSS PC von STIHL sch\u00fctzt Sie bei anspruchsvollen Arbeiten. Dieser Schutz verf\u00fcgt \u00fcber ein doppeltes Kopfband, das den Hinterkopf umschlie\u00dft und ein Verrutschen verhindert. Die Passform ist individuell einstellbar und passt sich der Kopfform an. Dieser Gesichts- und Geh\u00f6rschutz wird mit 4 Ohrst\u00f6pseln geliefert.\/ppDer STIHL FUNCTION GSS PC Gesichtsschutz hat ein Kunststoffvisier, das 100% UV-Schutz bietet und somit auch f\u00fcr Arbeiten bei starker Sonneneinstrahlung geeignet ist.\/ppF\u00fcr alle Arbeiten mit Freischneidern, Heckenscheren, Blasger\u00e4ten, Spr\u00fchger\u00e4ten und M\u00e4hern muss zus\u00e4tzlich ein Augenschutz (Schutzbrille nach EN 166) getragen werden.\/ppWeitere Informationen:\/pullsGeh\u00f6rschutz: SNR 34 (H: 33, M: 31, L: 28)\/liliSicherheitsanforderungen: EN 166, EN 352\/li\/ul<br \/>\n886661927760<\/p>\n<p>Isolationswert 34<br \/>\nH-Wert<\/p>\n<p>M-Wert<br \/>\nL-Wert 28<\/p>\n","protected":false},"excerpt":{"rendered":"<p>FUNCTION GSS PC kurzes Kunststoffvisier mit Doppelband<\/p>\n","protected":false},"featured_media":425443,"template":"","meta":{"_seopress_robots_primary_cat":"","_seopress_titles_title":"","_seopress_titles_desc":"","_seopress_robots_index":""},"product_brand":[3366],"product_cat":[33,537,815,816],"product_tag":[3265],"class_list":{"0":"post-594671","1":"product","2":"type-product","3":"status-publish","4":"has-post-thumbnail","6":"product_brand-stihl","7":"product_cat-attrezzature","8":"product_cat-attrezzatura-da-lavoro","9":"product_cat-caschi","10":"product_cat-visiere-e-occhiali-protettivi","11":"product_tag-import-stihl","12":"sws-gruppo-abb-libero-de","13":"sws-conto-ricavi-merci-rivendita-abbigliamento-de","14":"sws-gruppo-iva-iva81-de","16":"first","17":"onbackorder","18":"purchasable","19":"product-type-simple"},"_links":{"self":[{"href":"https:\/\/lucacastelli.com\/de\/wp-json\/wp\/v2\/product\/594671","targetHints":{"allow":["GET"]}}],"collection":[{"href":"https:\/\/lucacastelli.com\/de\/wp-json\/wp\/v2\/product"}],"about":[{"href":"https:\/\/lucacastelli.com\/de\/wp-json\/wp\/v2\/types\/product"}],"wp:featuredmedia":[{"embeddable":true,"href":"https:\/\/lucacastelli.com\/de\/wp-json\/wp\/v2\/media\/425443"}],"wp:attachment":[{"href":"https:\/\/lucacastelli.com\/de\/wp-json\/wp\/v2\/media?parent=594671"}],"wp:term":[{"taxonomy":"product_brand","embeddable":true,"href":"https:\/\/lucacastelli.com\/de\/wp-json\/wp\/v2\/product_brand?post=594671"},{"taxonomy":"product_cat","embeddable":true,"href":"https:\/\/lucacastelli.com\/de\/wp-json\/wp\/v2\/product_cat?post=594671"},{"taxonomy":"product_tag","embeddable":true,"href":"https:\/\/lucacastelli.com\/de\/wp-json\/wp\/v2\/product_tag?post=594671"}],"curies":[{"name":"wp","href":"https:\/\/api.w.org\/{rel}","templated":true}]}}