{"id":594670,"date":"2025-06-01T02:41:31","date_gmt":"2025-06-01T00:41:31","guid":{"rendered":"https:\/\/lucacastelli.com\/prodotto\/stihl-advance-gpc-28-gesichts-ohrschutz\/"},"modified":"2025-06-01T02:41:31","modified_gmt":"2025-06-01T00:41:31","slug":"stihl-advance-gpc-28-gesichts-ohrschutz","status":"publish","type":"product","link":"https:\/\/lucacastelli.com\/de\/produkt\/stihl-advance-gpc-28-gesichts-ohrschutz\/","title":{"rendered":"STIHL ADVANCE GPC 28 Gesichts-\/Ohrschutz"},"content":{"rendered":"<p>Professionelle Kombination. Optimal ausbalanciert. Mehrfach verstellbare Kopfb\u00e4nder, \u00fcber Drehknopf an den Kopfumfang anpassbar. Abnehmbare Kappen f\u00fcr den Einsatz im Sommer. Stirnschutz mit Bel\u00fcftungsschlitzen. Mit Polycarbonat-Visier.<br \/>\n886661928248     <\/p>\n<p>Isolationswert 28<br \/>\nH-Wert<\/p>\n<p>M-Wert<br \/>\nL-Wert 16<\/p>\n","protected":false},"excerpt":{"rendered":"<p>ADVANCE GPC 28 Gesichts- und Geh\u00f6rschutz<\/p>\n","protected":false},"featured_media":425451,"template":"","meta":{"_seopress_robots_primary_cat":"","_seopress_titles_title":"","_seopress_titles_desc":"","_seopress_robots_index":""},"product_brand":[3366],"product_cat":[33,537,815,816],"product_tag":[3265],"class_list":{"0":"post-594670","1":"product","2":"type-product","3":"status-publish","4":"has-post-thumbnail","6":"product_brand-stihl","7":"product_cat-attrezzature","8":"product_cat-attrezzatura-da-lavoro","9":"product_cat-caschi","10":"product_cat-visiere-e-occhiali-protettivi","11":"product_tag-import-stihl","12":"sws-gruppo-abb-libero-de","13":"sws-conto-ricavi-merci-rivendita-abbigliamento-de","14":"sws-gruppo-iva-iva81-de","16":"first","17":"onbackorder","18":"purchasable","19":"product-type-simple"},"_links":{"self":[{"href":"https:\/\/lucacastelli.com\/de\/wp-json\/wp\/v2\/product\/594670","targetHints":{"allow":["GET"]}}],"collection":[{"href":"https:\/\/lucacastelli.com\/de\/wp-json\/wp\/v2\/product"}],"about":[{"href":"https:\/\/lucacastelli.com\/de\/wp-json\/wp\/v2\/types\/product"}],"wp:featuredmedia":[{"embeddable":true,"href":"https:\/\/lucacastelli.com\/de\/wp-json\/wp\/v2\/media\/425451"}],"wp:attachment":[{"href":"https:\/\/lucacastelli.com\/de\/wp-json\/wp\/v2\/media?parent=594670"}],"wp:term":[{"taxonomy":"product_brand","embeddable":true,"href":"https:\/\/lucacastelli.com\/de\/wp-json\/wp\/v2\/product_brand?post=594670"},{"taxonomy":"product_cat","embeddable":true,"href":"https:\/\/lucacastelli.com\/de\/wp-json\/wp\/v2\/product_cat?post=594670"},{"taxonomy":"product_tag","embeddable":true,"href":"https:\/\/lucacastelli.com\/de\/wp-json\/wp\/v2\/product_tag?post=594670"}],"curies":[{"name":"wp","href":"https:\/\/api.w.org\/{rel}","templated":true}]}}