{"id":593888,"date":"2023-05-19T19:45:49","date_gmt":"2023-05-19T17:45:49","guid":{"rendered":"https:\/\/lucacastelli.com\/prodotto\/stema-rotex-75-2\/"},"modified":"2023-05-19T19:45:49","modified_gmt":"2023-05-19T17:45:49","slug":"stema-rotex-75-2","status":"publish","type":"product","link":"https:\/\/lucacastelli.com\/de\/produkt\/stema-rotex-75-2\/","title":{"rendered":"STEMA ROTEX 75"},"content":{"rendered":"<p>Hochgrasmulcher \/ M\u00e4her  <\/p>\n<p>Dieser robuste Rasenm\u00e4her kann mit dem speziellen Hochgraswiesenmesser und Wildwuchs m\u00fchelos<br \/>\nauch mit einem einzelnen Messer m\u00e4hen und ist in allen Arbeitsbereichen einsetzbar. Dank der Renovierung der Anschluss- und<br \/>\nlinkspunkte wird die Maschine leicht verl\u00e4ngert. Der stabile Aufbau der Maschine, die Boten und der<br \/>\nAntriebes machen diese Maschine zu einem echten Gewinn.    <\/p>\n<p>Dieser robuste Rasenm\u00e4her mit seinem Spezialmesser schneidet fein in hohem Gras und Gestr\u00fcpp und sorgt auch bei nassem Gras f\u00fcr optimale Ergebnisse. Er verteilt das Schnittgut \u00fcber die gesamte Arbeitsfl\u00e4che.<br \/>\ndie gesamte Arbeitsfl\u00e4che. Dank der rechten oder linken Radabschaltung kann die Maschine problemlos gefahren werden<br \/>\n. Die solide Konstruktion von Geh\u00e4use und Schneidwerk sowie die Robustheit des Motors machen ihn zu einem Profi-Ger\u00e4t.<br \/>\nprofessional.     <\/p>\n<p>Motor \/ Motor HONDA GXV390 13 PS OHV \/ hp<br \/>\nG\u00e4nge \/ Speed 2 Vor- und 1 R\u00fcckw\u00e4rtsgang \/ 2 vorw\u00e4rts und 1 r\u00fcckw\u00e4rts<br \/>\nGeschwindigkeit V 2,5 \/ 4,2 km\/h, R 1,5 km\/h<br \/>\nGetriebe \/ Transmission Zahnradgetriebe im Oelbad \/ mit geschlossenen Zahnr\u00e4dern im \u00d6lbad<br \/>\nBremse \/ Brakes automatische Getriebebremse \/ with automatic transmission<br \/>\nKupplung \/ Clutch f\u00fcr Radantrieb und M\u00e4hwerk unabh\u00e4ngig \/ independent for wheels and cutting element<br \/>\nBereifung \/ Breitreifen 16&#215;6.50-8 Felgen \/ Breitreifen<br \/>\nAchse \/ Differential on Handhebel schaltbar \/ switchable with hand<br \/>\nHandholmen \/ Mancheron h\u00f6hen- und seitenverstellbar, schwingungsged\u00e4mpft \/ height- and lateral adjustable, equipped with anti-vibration<br \/>\nMulchgeh\u00e4use \/ Carter mit Heckauswurf und freischwingenden Messern \/ with rear ejection and movable<br \/>\nknives M\u00e4hbreite \/ Cutting width 75 cm<br \/>\nGewicht \/ Weight approx. 120 kg \/ ca.<br \/>\nAbmessung \/ Abmessungen L 175 cm, B 77 cm, H 95\/60 cm <\/p>\n","protected":false},"excerpt":{"rendered":"<p>Hochgrasmulcher \/ M\u00e4her Dieser robuste Rasenm\u00e4her kann mit dem speziellen Hochgraswiesenmesser und Wildwuchs m\u00fchelos auch mit einem einzelnen Messer m\u00e4hen<\/p>\n","protected":false},"featured_media":512995,"template":"","meta":{"_seopress_robots_primary_cat":"","_seopress_titles_title":"","_seopress_titles_desc":"","_seopress_robots_index":""},"product_brand":[4390],"product_cat":[21],"product_tag":[],"class_list":{"0":"post-593888","1":"product","2":"type-product","3":"status-publish","4":"has-post-thumbnail","6":"product_brand-stema","7":"product_cat-abbigliamento","9":"first","10":"instock","11":"shipping-taxable","12":"product-type-simple"},"_links":{"self":[{"href":"https:\/\/lucacastelli.com\/de\/wp-json\/wp\/v2\/product\/593888","targetHints":{"allow":["GET"]}}],"collection":[{"href":"https:\/\/lucacastelli.com\/de\/wp-json\/wp\/v2\/product"}],"about":[{"href":"https:\/\/lucacastelli.com\/de\/wp-json\/wp\/v2\/types\/product"}],"wp:featuredmedia":[{"embeddable":true,"href":"https:\/\/lucacastelli.com\/de\/wp-json\/wp\/v2\/media\/512995"}],"wp:attachment":[{"href":"https:\/\/lucacastelli.com\/de\/wp-json\/wp\/v2\/media?parent=593888"}],"wp:term":[{"taxonomy":"product_brand","embeddable":true,"href":"https:\/\/lucacastelli.com\/de\/wp-json\/wp\/v2\/product_brand?post=593888"},{"taxonomy":"product_cat","embeddable":true,"href":"https:\/\/lucacastelli.com\/de\/wp-json\/wp\/v2\/product_cat?post=593888"},{"taxonomy":"product_tag","embeddable":true,"href":"https:\/\/lucacastelli.com\/de\/wp-json\/wp\/v2\/product_tag?post=593888"}],"curies":[{"name":"wp","href":"https:\/\/api.w.org\/{rel}","templated":true}]}}