{"id":593882,"date":"2022-07-28T15:10:20","date_gmt":"2022-07-28T13:10:20","guid":{"rendered":"https:\/\/lucacastelli.com\/prodotto\/plano-xxl-stapelbarer-behaelter\/"},"modified":"2022-07-28T15:10:20","modified_gmt":"2022-07-28T13:10:20","slug":"plano-xxl-stapelbarer-behaelter","status":"publish","type":"product","link":"https:\/\/lucacastelli.com\/de\/produkt\/plano-xxl-stapelbarer-behaelter\/","title":{"rendered":"PLANO XXL stapelbarer Beh\u00e4lter"},"content":{"rendered":"<p>M\u00f6glichkeit zur Anbringung eines Vorh\u00e4ngeschlosses<br \/>\nMit R\u00e4dern<br \/>\nAu\u00dfenma\u00dfe (cm) 96 x 36 x 46<br \/>\nInnenma\u00dfe (cm) 88 x 34 x 41<br \/>\nGewicht (kg) 4,5<\/p>\n","protected":false},"excerpt":{"rendered":"<p>M\u00f6glichkeit zur Anbringung eines Vorh\u00e4ngeschlosses Mit R\u00e4dern Au\u00dfenma\u00dfe (cm) 96 x 36 x 46 Innenma\u00dfe (cm) 88 x 34 x<\/p>\n","protected":false},"featured_media":76972,"template":"","meta":{"_seopress_robots_primary_cat":"","_seopress_titles_title":"","_seopress_titles_desc":"","_seopress_robots_index":""},"product_brand":[5050],"product_cat":[33,211,212],"product_tag":[],"class_list":{"0":"post-593882","1":"product","2":"type-product","3":"status-publish","4":"has-post-thumbnail","6":"product_brand-plano","7":"product_cat-attrezzature","8":"product_cat-attrezzatura-per-il-tempo-libero","9":"product_cat-altro","10":"sws-gruppo-macchinari-de","11":"sws-conto-ricavi-merci-rivendita-macchinari-de","12":"sws-gruppo-iva-iva81-de","14":"first","15":"instock","16":"shipping-taxable","17":"purchasable","18":"product-type-simple"},"_links":{"self":[{"href":"https:\/\/lucacastelli.com\/de\/wp-json\/wp\/v2\/product\/593882","targetHints":{"allow":["GET"]}}],"collection":[{"href":"https:\/\/lucacastelli.com\/de\/wp-json\/wp\/v2\/product"}],"about":[{"href":"https:\/\/lucacastelli.com\/de\/wp-json\/wp\/v2\/types\/product"}],"wp:featuredmedia":[{"embeddable":true,"href":"https:\/\/lucacastelli.com\/de\/wp-json\/wp\/v2\/media\/76972"}],"wp:attachment":[{"href":"https:\/\/lucacastelli.com\/de\/wp-json\/wp\/v2\/media?parent=593882"}],"wp:term":[{"taxonomy":"product_brand","embeddable":true,"href":"https:\/\/lucacastelli.com\/de\/wp-json\/wp\/v2\/product_brand?post=593882"},{"taxonomy":"product_cat","embeddable":true,"href":"https:\/\/lucacastelli.com\/de\/wp-json\/wp\/v2\/product_cat?post=593882"},{"taxonomy":"product_tag","embeddable":true,"href":"https:\/\/lucacastelli.com\/de\/wp-json\/wp\/v2\/product_tag?post=593882"}],"curies":[{"name":"wp","href":"https:\/\/api.w.org\/{rel}","templated":true}]}}