{"id":593876,"date":"2022-07-07T17:51:16","date_gmt":"2022-07-07T15:51:16","guid":{"rendered":"https:\/\/lucacastelli.com\/prodotto\/steiner-beobachter\/"},"modified":"2022-07-07T17:51:16","modified_gmt":"2022-07-07T15:51:16","slug":"steiner-beobachter","status":"publish","type":"product","link":"https:\/\/lucacastelli.com\/de\/produkt\/steiner-beobachter\/","title":{"rendered":"STEINER Beobachter"},"content":{"rendered":"<p>10-fache Vergr\u00f6\u00dferung und helle Bilder, perfekt f\u00fcr die Erfassung jedes Details aus der N\u00e4he und Ferne, bietet visuelle Leistung in einem geringen Gewicht.<\/p>\n<p>High-Contrast-Optik sorgt f\u00fcr eine helle und klare Sicht, exakte Farben und pr\u00e4zise Bilder mit hoher Konturensch\u00e4rfe f\u00fcr eine hervorragende Leistung bis zu einem Nahbereich von 2 m.<br \/>\nExtrem robust mit Makrolon-Polycarbonat-Geh\u00e4use, Temperaturbereich von -15\u00b0C bis +55\u00b0C. Die rutschfeste NBR-Longlife-Gummiummantelung ist \u00f6l-, s\u00e4ure- und witterungsbest\u00e4ndig.<br \/>\nFast-Close-Focus Mit dem stufenlos verstellbaren zentralen Fokussierring Fast-Close-Focus gen\u00fcgt eine minimale, schnelle und einfache Drehung f\u00fcr eine scharfe Fokussierung vom Nahbereich bis unendlich.<br \/>\nGeringes Gewicht Geringer Platzbedarf im Rucksack und maximale Man\u00f6vrierf\u00e4higkeit beim Beobachten.<br \/>\nZylindrische Schraubaugenmuscheln Ergonomische Augenmuscheln aus langlebigem, hypoallergenem Silikon bieten Beobachtungskomfort und Schutz vor indirektem Licht. Leicht klappbar f\u00fcr die Verwendung mit einer Brille.<br \/>\nVielf\u00e4ltiges Zubeh\u00f6r Mit Tasche, Trageriemen, Regenschutz und Objektivdeckel.  <\/p>\n","protected":false},"excerpt":{"rendered":"<p>10-fache Vergr\u00f6\u00dferung und helle Bilder, perfekt f\u00fcr die Erfassung jedes Details aus der N\u00e4he und Ferne, bietet visuelle Leistung in<\/p>\n","protected":false},"featured_media":75069,"template":"","meta":{"_seopress_robots_primary_cat":"","_seopress_titles_title":"","_seopress_titles_desc":"","_seopress_robots_index":""},"product_brand":[5051],"product_cat":[33,211,212],"product_tag":[],"class_list":{"0":"post-593876","1":"product","2":"type-product","3":"status-publish","4":"has-post-thumbnail","6":"product_brand-steiner","7":"product_cat-attrezzature","8":"product_cat-attrezzatura-per-il-tempo-libero","9":"product_cat-altro","10":"sws-gruppo-macchinari","11":"sws-conto-ricavi-merci-rivendita-macchinari","12":"sws-gruppo-iva-iva81","14":"first","15":"onbackorder","16":"shipping-taxable","17":"purchasable","18":"product-type-simple"},"_links":{"self":[{"href":"https:\/\/lucacastelli.com\/de\/wp-json\/wp\/v2\/product\/593876","targetHints":{"allow":["GET"]}}],"collection":[{"href":"https:\/\/lucacastelli.com\/de\/wp-json\/wp\/v2\/product"}],"about":[{"href":"https:\/\/lucacastelli.com\/de\/wp-json\/wp\/v2\/types\/product"}],"wp:featuredmedia":[{"embeddable":true,"href":"https:\/\/lucacastelli.com\/de\/wp-json\/wp\/v2\/media\/75069"}],"wp:attachment":[{"href":"https:\/\/lucacastelli.com\/de\/wp-json\/wp\/v2\/media?parent=593876"}],"wp:term":[{"taxonomy":"product_brand","embeddable":true,"href":"https:\/\/lucacastelli.com\/de\/wp-json\/wp\/v2\/product_brand?post=593876"},{"taxonomy":"product_cat","embeddable":true,"href":"https:\/\/lucacastelli.com\/de\/wp-json\/wp\/v2\/product_cat?post=593876"},{"taxonomy":"product_tag","embeddable":true,"href":"https:\/\/lucacastelli.com\/de\/wp-json\/wp\/v2\/product_tag?post=593876"}],"curies":[{"name":"wp","href":"https:\/\/api.w.org\/{rel}","templated":true}]}}