{"id":593870,"date":"2023-03-03T15:56:14","date_gmt":"2023-03-03T14:56:14","guid":{"rendered":"https:\/\/lucacastelli.com\/prodotto\/oxtovox-traverse-light-15\/"},"modified":"2023-03-03T15:56:14","modified_gmt":"2023-03-03T14:56:14","slug":"oxtovox-traverse-light-15","status":"publish","type":"product","link":"https:\/\/lucacastelli.com\/de\/produkt\/oxtovox-traverse-light-15\/","title":{"rendered":"OXTOVOX TRAVERSE LIGHT 15"},"content":{"rendered":"<p>Leicht, flexibel und funktionell: Mit nur 380 g ist der TRAVERSE LIGHT 15 wie geschaffen f\u00fcr schnelle und lange Anstiege.<\/p>\n<p>Mit nur einem Griff l\u00e4sst sich der ultraleichte Alpinrucksack auf die Schultergurte komprimieren und schmiegt sich eng an den K\u00f6rper. Ein abnehmbarer H\u00fcftg\u00fcrtel und ein zweiter Brustgurt, der ebenfalls abnehmbar ist, sorgen f\u00fcr einen k\u00f6rpernahen Sitz auch bei hoher Belastung. Das AIRVENT BACK SYSTEM sorgt dank des gerippten Netzes und des perforierten Schaums f\u00fcr eine gute Luftzirkulation und hohen Tragekomfort. Gleichzeitig verteilen die ergonomischen, luftdurchl\u00e4ssigen Schultergurte das Gewicht gleichm\u00e4\u00dfig auf den K\u00f6rper.   <\/p>\n<p>Auch technisch ist der TRAVERSE LIGHT 15 wirklich \u00fcberlegen: An den Schultergurten ist Platz f\u00fcr eine 500 ml Wasserflasche, ein Handy und einen Riegel in den drei Taschen. Helm und St\u00f6cke lassen sich im Handumdrehen am Rucksack befestigen. Im Sinne der Nachhaltigkeit besteht das Au\u00dfenmaterial aus 72 Prozent recyceltem Polyamid, was den TRAVERSE LIGHT extrem robust und langlebig macht.  <\/p>\n<p>H\u00f6her, schneller, weiter: Der TRAVERSE LIGHT 15 \u00fcberzeugt mit wenig Gewicht und viel Funktionalit\u00e4t. Der ideale Begleiter f\u00fcr schnelle und schwei\u00dftreibende Bergtouren. <\/p>\n<p>PRODUKTEIGENSCHAFTEN<br \/>\nZugang zum Hauptfach: Oben<br \/>\nKartenfach<br \/>\nBefestigung f\u00fcr Trekkingst\u00f6cke<br \/>\nHelmbefestigung<br \/>\nKompatibel mit Trinksystem<br \/>\nFlaschenhalter<br \/>\n2 abnehmbare Brustgurte<br \/>\nSignalpfeife<br \/>\nNotfallkarte<br \/>\nAbnehmbarer H\u00fcftg\u00fcrtel<br \/>\nBeleuchteter Innenraum<br \/>\nAIRVENT DORSAL SYSTEM<\/p>\n<p>MATERIAL:<br \/>\nPolyamid 210 D ROBIC: 72% recyceltes Polyamid + 28% Polyamid<\/p>\n","protected":false},"excerpt":{"rendered":"<p>Leicht, flexibel und funktionell: Mit nur 380 g ist der TRAVERSE LIGHT 15 wie geschaffen f\u00fcr schnelle und lange Anstiege.<\/p>\n","protected":false},"featured_media":86894,"template":"","meta":{"_seopress_robots_primary_cat":"","_seopress_titles_title":"","_seopress_titles_desc":"","_seopress_robots_index":""},"product_brand":[3663],"product_cat":[150,1409,1703],"product_tag":[],"class_list":{"0":"post-593870","1":"product","2":"type-product","3":"status-publish","4":"has-post-thumbnail","6":"product_brand-ortovox-de","7":"product_cat-ausrustung","8":"product_cat-freizeitausrustung","9":"product_cat-sonstiges","10":"sws-gruppo-abb-libero-de","11":"sws-conto-ricavi-merci-rivendita-abbigliamento-de","12":"sws-gruppo-iva-iva81-de","14":"first","15":"instock","16":"shipping-taxable","17":"purchasable","18":"product-type-variable"},"_links":{"self":[{"href":"https:\/\/lucacastelli.com\/de\/wp-json\/wp\/v2\/product\/593870","targetHints":{"allow":["GET"]}}],"collection":[{"href":"https:\/\/lucacastelli.com\/de\/wp-json\/wp\/v2\/product"}],"about":[{"href":"https:\/\/lucacastelli.com\/de\/wp-json\/wp\/v2\/types\/product"}],"wp:featuredmedia":[{"embeddable":true,"href":"https:\/\/lucacastelli.com\/de\/wp-json\/wp\/v2\/media\/86894"}],"wp:attachment":[{"href":"https:\/\/lucacastelli.com\/de\/wp-json\/wp\/v2\/media?parent=593870"}],"wp:term":[{"taxonomy":"product_brand","embeddable":true,"href":"https:\/\/lucacastelli.com\/de\/wp-json\/wp\/v2\/product_brand?post=593870"},{"taxonomy":"product_cat","embeddable":true,"href":"https:\/\/lucacastelli.com\/de\/wp-json\/wp\/v2\/product_cat?post=593870"},{"taxonomy":"product_tag","embeddable":true,"href":"https:\/\/lucacastelli.com\/de\/wp-json\/wp\/v2\/product_tag?post=593870"}],"curies":[{"name":"wp","href":"https:\/\/api.w.org\/{rel}","templated":true}]}}